{"id":2065,"date":"2026-02-25T12:21:25","date_gmt":"2026-02-25T12:21:25","guid":{"rendered":"https:\/\/cashflow-france.com\/?post_type=product&#038;p=2065"},"modified":"2026-02-25T12:21:25","modified_gmt":"2026-02-25T12:21:25","slug":"balance-ariva-s","status":"publish","type":"product","link":"https:\/\/cashflow-france.com\/index.php\/product\/balance-ariva-s\/","title":{"rendered":"Balance Ariva-S"},"content":{"rendered":"<p>La balance Ariva-S est disponible \u00e0 la fois comme appareil autonome ou, en option, \u00e0 int\u00e9grer dans une caisse.<\/p>\n<p>Gr\u00e2ce \u00e0 son bo\u00eetier en aluminium robuste et \u00e0 son plateau en acier inoxydable, la balance Ariva-S r\u00e9siste aussi aux conditions les plus rudes auxquelles sont soumises les caisses au quotidien.<\/p>\n<p>La balance Ariva-S prend en charge tous les protocoles de caisse courants et est compatible avec bon nombre d\u2019autres applications informatiques.<\/p>\n<h4><b><img decoding=\"async\" class=\"alignleft wp-image-4636 size-thumbnail entered lazyloaded\" src=\"https:\/\/jbe-consulting.fr\/wp-content\/uploads\/2024\/10\/Pesage-rapide_Ariva_S-150x150.jpg\" sizes=\"(max-width: 150px) 100vw, 150px\" srcset=\"https:\/\/jbe-consulting.fr\/wp-content\/uploads\/2024\/10\/Pesage-rapide_Ariva_S-150x150.jpg 150w, https:\/\/jbe-consulting.fr\/wp-content\/uploads\/2024\/10\/Pesage-rapide_Ariva_S-300x300.jpg 300w, https:\/\/jbe-consulting.fr\/wp-content\/uploads\/2024\/10\/Pesage-rapide_Ariva_S.jpg 446w\" alt=\"\" width=\"150\" height=\"150\" data-lazy-srcset=\"https:\/\/jbe-consulting.fr\/wp-content\/uploads\/2024\/10\/Pesage-rapide_Ariva_S-150x150.jpg 150w, https:\/\/jbe-consulting.fr\/wp-content\/uploads\/2024\/10\/Pesage-rapide_Ariva_S-300x300.jpg 300w, https:\/\/jbe-consulting.fr\/wp-content\/uploads\/2024\/10\/Pesage-rapide_Ariva_S.jpg 446w\" data-lazy-sizes=\"(max-width: 150px) 100vw, 150px\" data-lazy-src=\"https:\/\/jbe-consulting.fr\/wp-content\/uploads\/2024\/10\/Pesage-rapide_Ariva_S-150x150.jpg\" data-ll-status=\"loaded\" \/>Pesage rapide<\/b><\/h4>\n<p>Les balances de caisse Ariva vous assurent un service clients parfait gr\u00e2ce \u00e0 leur vitesse de transaction exceptionnelle. Cela signifie : r\u00e9duction du temps d\u2019attente dans la zone sensible des caisses et confort d\u2019utilisation pour le personnel de vente.<\/p>\n<h4><b><img decoding=\"async\" class=\"alignleft wp-image-4635 size-thumbnail entered lazyloaded\" src=\"https:\/\/jbe-consulting.fr\/wp-content\/uploads\/2024\/10\/Construction-robuste-Ariva_S-150x150.jpg\" alt=\"\" width=\"150\" height=\"150\" data-lazy-src=\"https:\/\/jbe-consulting.fr\/wp-content\/uploads\/2024\/10\/Construction-robuste-Ariva_S-150x150.jpg\" data-ll-status=\"loaded\" \/>Construction robuste<\/b><\/h4>\n<p>Les balances de caisse doivent satisfaire aux exigences les plus s\u00e9v\u00e8res et sont expos\u00e9es \u00e0 des contraintes extr\u00eames. Gr\u00e2ce \u00e0 sa construction robuste qui prot\u00e8ge efficacement des salet\u00e9s et des liquides, l\u2019Ariva S r\u00e9siste aux conditions les plus rudes auxquelles sont soumises les caisses au quotidien.<\/p>\n<h4><b><img decoding=\"async\" class=\"alignleft wp-image-4638 size-thumbnail entered lazyloaded\" src=\"https:\/\/jbe-consulting.fr\/wp-content\/uploads\/2024\/10\/utilisation-flexible-Ariva_S-150x150.jpg\" alt=\"\" width=\"150\" height=\"150\" data-lazy-src=\"https:\/\/jbe-consulting.fr\/wp-content\/uploads\/2024\/10\/utilisation-flexible-Ariva_S-150x150.jpg\" data-ll-status=\"loaded\" \/>Utilisation flexible<\/b><\/h4>\n<p>La balance de caisse Ariva-S est disponible en version poids seul et version poids-prix. Les possibilit\u00e9s d\u2019utilisation sont tr\u00e8s vari\u00e9es : balances de caisse ou balance de contr\u00f4le pour le client dans le rayon des fruits et l\u00e9gumes.<\/p>\n<h4><b><img loading=\"lazy\" decoding=\"async\" class=\"alignleft wp-image-4637 size-thumbnail entered lazyloaded\" src=\"https:\/\/jbe-consulting.fr\/wp-content\/uploads\/2024\/10\/Technique-durable_Ariva_S-150x150.jpg\" alt=\"\" width=\"150\" height=\"150\" data-lazy-src=\"https:\/\/jbe-consulting.fr\/wp-content\/uploads\/2024\/10\/Technique-durable_Ariva_S-150x150.jpg\" data-ll-status=\"loaded\" \/>Technique durable<\/b><\/h4>\n<p>Les balances de caisse Ariva sont extr\u00eamement \u00e9conomes en \u00e9nergie \u00e9lectrique. Cela a un co\u00fbt, et c\u2019est bon pour l\u2019environnement. Les balances de caisse Ariva s\u00e9duisent les commer\u00e7ants.<\/p>\n<p>&nbsp;<\/p>\n<table id=\"wpdtSimpleTable-37\" class=\"wpdtSimpleTable wpDataTable\">\n<tbody>\n<tr class=\"wpdt-cell-row \">\n<td class=\"wpdt-cell wpdt-align-left wpdt-bc-F5F5F5\">Interfaces<\/td>\n<td class=\"wpdt-cell wpdt-align-left wpdt-bc-FFFFFF\">RS-232 (standard) ou un c\u00e2ble USB 2.0 en option* pour la connexion au syst\u00e8me POS ou \u00e0 la caisse enregistreuse.<\/td>\n<\/tr>\n<tr class=\"wpdt-cell-row \">\n<td class=\"wpdt-cell wpdt-align-left wpdt-bc-F5F5F5\">Plage de temp\u00e9rature<\/td>\n<td class=\"wpdt-cell wpdt-align-left\">RS-232, USB 2.0, c\u00e2ble d\u2019adaptateur pour raccordement en caisse disponible en option<\/td>\n<\/tr>\n<tr class=\"wpdt-cell-row \">\n<td class=\"wpdt-cell wpdt-bc-F5F5F5 wpdt-align-left\">\u00c9cran<\/td>\n<td class=\"wpdt-cell wpdt-bc-FFFFFF wpdt-align-left\">3Bright, affichage r\u00e9tro\u00e9clair\u00e9 avec fonction d\u2019\u00e9conomie d\u2019\u00e9nergie Affichage du poids \u00e0 5 chiffres Touches pour le tarage et le z\u00e9rotage Configurations d\u2019affichage dual en option<\/td>\n<\/tr>\n<\/tbody>\n<\/table>\n","protected":false},"excerpt":{"rendered":"<p>La balance Ariva-S pour le pesage en caisse est la solution id\u00e9ale pour les commer\u00e7ants qui ont \u00e0 la fois besoin d\u2019une port\u00e9e \u00e9lev\u00e9e jusqu\u2019\u00e0 15 kg et en m\u00eame temps d\u2019une pr\u00e9cision extr\u00eame pour les marchandises l\u00e9g\u00e8res et ch\u00e8res.<\/p>\n<ul class=\"oew-buttons\">\n<li class=\"oew-button-inner elementor-repeater-item-b5d1e0e\"><a>Port\u00e9e max 6 kg<\/a><\/li>\n<li class=\"oew-button-inner elementor-repeater-item-8025dad\"><a>Port\u00e9e min 20 g<\/a><\/li>\n<\/ul>\n","protected":false},"featured_media":2066,"template":"","meta":[],"product_brand":[],"product_cat":[37],"product_tag":[],"class_list":{"0":"post-2065","1":"product","2":"type-product","3":"status-publish","4":"has-post-thumbnail","6":"product_cat-balances","8":"first","9":"instock","10":"shipping-taxable","11":"purchasable","12":"product-type-simple"},"_links":{"self":[{"href":"https:\/\/cashflow-france.com\/index.php\/wp-json\/wp\/v2\/product\/2065","targetHints":{"allow":["GET"]}}],"collection":[{"href":"https:\/\/cashflow-france.com\/index.php\/wp-json\/wp\/v2\/product"}],"about":[{"href":"https:\/\/cashflow-france.com\/index.php\/wp-json\/wp\/v2\/types\/product"}],"wp:featuredmedia":[{"embeddable":true,"href":"https:\/\/cashflow-france.com\/index.php\/wp-json\/wp\/v2\/media\/2066"}],"wp:attachment":[{"href":"https:\/\/cashflow-france.com\/index.php\/wp-json\/wp\/v2\/media?parent=2065"}],"wp:term":[{"taxonomy":"product_brand","embeddable":true,"href":"https:\/\/cashflow-france.com\/index.php\/wp-json\/wp\/v2\/product_brand?post=2065"},{"taxonomy":"product_cat","embeddable":true,"href":"https:\/\/cashflow-france.com\/index.php\/wp-json\/wp\/v2\/product_cat?post=2065"},{"taxonomy":"product_tag","embeddable":true,"href":"https:\/\/cashflow-france.com\/index.php\/wp-json\/wp\/v2\/product_tag?post=2065"}],"curies":[{"name":"wp","href":"https:\/\/api.w.org\/{rel}","templated":true}]}}