{"id":2064,"date":"2026-02-25T12:09:57","date_gmt":"2026-02-25T12:09:57","guid":{"rendered":"https:\/\/cashflow-france.com\/?post_type=product&#038;p=2064"},"modified":"2026-02-25T12:09:57","modified_gmt":"2026-02-25T12:09:57","slug":"monnayeur-cashlogy","status":"publish","type":"product","link":"https:\/\/cashflow-france.com\/index.php\/product\/monnayeur-cashlogy\/","title":{"rendered":"Monnayeur Cashlogy"},"content":{"rendered":"<p class=\"solution__text__p1\">Cashlogy est la solution automatis\u00e9e de contr\u00f4le des esp\u00e8ces parfaite pour les \u00e9tablissements qui souhaitent professionnaliser leur activit\u00e9 et proposer \u00e0 leurs clients une exp\u00e9rience de paiement moderne et simple.<\/p>\n<p class=\"solution__text__p2\">Cette solution vous apporte la tranquillit\u00e9 d\u2019esprit en r\u00e9duisant les vols internes et vous permet de gagner du temps dans les ajustements de caisse et les op\u00e9rations du quotidien.<\/p>\n<p class=\"solution__text__p3\">Fiabilit\u00e9, design et utilisabilit\u00e9 \u00e0 la port\u00e9e de toutes les activit\u00e9s.<\/p>\n<div class=\"wpdt-c row wpDataTableContainerSimpleTable wpDataTables wpDataTablesWrapper\n\"><\/p>\n<table id=\"wpdtSimpleTable-33\" class=\"wpdtSimpleTable wpDataTable\">\n<tbody>\n<tr class=\"wpdt-cell-row \">\n<td class=\"wpdt-cell wpdt-bc-DDDDED wpdt-align-left\">Hardware et connectivite\u0301<\/td>\n<td class=\"wpdt-cell wpdt-align-left wpdt-bc-DDDDED wpdt-empty-cell \"><\/td>\n<\/tr>\n<tr class=\"wpdt-cell-row \">\n<td class=\"wpdt-cell wpdt-align-left wpdt-bc-F5F5F5\">La solution la plus compacte<\/td>\n<td class=\"wpdt-cell wpdt-align-left wpdt-bc-FFFFFF\">Gra\u0302ce a\u0300 son design, Cashlogy re\u0301duit l\u2019impact visuel sur le comptoir et cre\u0301e un environnement plus agre\u0301able pour le client.<\/td>\n<\/tr>\n<tr class=\"wpdt-cell-row \">\n<td class=\"wpdt-cell wpdt-align-left wpdt-bc-F5F5F5\">Con\u00e7u pour une accesibilit\u00e9 maximale<\/td>\n<td class=\"wpdt-cell wpdt-align-left\">Module de recyclage de billets rabattable \u2013 Module de recyclage de pi\u00e8ces extractible<\/td>\n<\/tr>\n<tr class=\"wpdt-cell-row \">\n<td class=\"wpdt-cell wpdt-bc-F5F5F5 wpdt-align-left\">Se\u0301curite\u0301<\/td>\n<td class=\"wpdt-cell wpdt-bc-FFFFFF wpdt-align-left\">2 niveaux d\u2019acce\u0300s : encaissement et maintenance. Cle\u0301 supple\u0301mentaire pour le stacker de billets.<\/td>\n<\/tr>\n<tr class=\"wpdt-cell-row \">\n<td class=\"wpdt-cell wpdt-bc-F5F5F5 wpdt-align-left\">Inteface<\/td>\n<td class=\"wpdt-cell wpdt-bc-FFFFFF wpdt-align-left\">USB \/ RS232.<\/td>\n<\/tr>\n<tr class=\"wpdt-cell-row \">\n<td class=\"wpdt-cell wpdt-bc-F5F5F5 wpdt-align-left\">Connexion<\/td>\n<td class=\"wpdt-cell wpdt-bc-FFFFFF wpdt-align-left\">110-240v AC 50-60Hz.<\/td>\n<\/tr>\n<tr class=\"wpdt-cell-row \">\n<td class=\"wpdt-cell wpdt-bc-F5F5F5 wpdt-align-left\">Inte\u0301gration<\/td>\n<td class=\"wpdt-cell wpdt-bc-FFFFFF wpdt-align-left\">Inte\u0301gration facile a\u0300 votre logiciel de commerce.<\/td>\n<\/tr>\n<tr class=\"wpdt-cell-row \">\n<td class=\"wpdt-cell wpdt-bc-DDDDED wpdt-align-left\">Recyclage de pie\u0300ces<\/td>\n<td class=\"wpdt-cell wpdt-align-left wpdt-bc-DDDDED wpdt-empty-cell \"><\/td>\n<\/tr>\n<tr class=\"wpdt-cell-row \">\n<td class=\"wpdt-cell wpdt-bc-F5F5F5 wpdt-align-left\">De\u0301nomination monnaie<\/td>\n<td class=\"wpdt-cell wpdt-bc-FFFFFF wpdt-align-left\">Euro. Pour d\u2019autres de\u0301nominations, demandez des informations.<\/td>\n<\/tr>\n<tr class=\"wpdt-cell-row \">\n<td class=\"wpdt-cell wpdt-bc-F5F5F5 wpdt-align-left\">Acceptation<\/td>\n<td class=\"wpdt-cell wpdt-align-left\">En vrac, jusqu\u2019a\u0300 80 pie\u0300ces me\u0301lange\u0301es.<\/td>\n<\/tr>\n<tr class=\"wpdt-cell-row \">\n<td class=\"wpdt-cell wpdt-align-left wpdt-bc-F5F5F5\">Validation<\/td>\n<td class=\"wpdt-cell wpdt-align-left\">Depuis 1 cent. jusqu\u2019a\u0300 2 euros.<\/td>\n<\/tr>\n<tr class=\"wpdt-cell-row \">\n<td class=\"wpdt-cell wpdt-align-left wpdt-bc-F5F5F5\">Capacite\u0301<\/td>\n<td class=\"wpdt-cell wpdt-bc-FFFFFF wpdt-align-left\">2 \u20ac: 120 u.\/1 \u20ac: 150 u. \/ 0,50 \u20ac: 135 u. \/ 0,20 \u20ac: 190 u. \/ 0,10 \u20ac: 245 u. \/ 0,05\u20ac:245 u. \/ 0,02 \u20ac: 310 u. \/ 0,01 \u20ac: 390 u<\/td>\n<\/tr>\n<tr class=\"wpdt-cell-row \">\n<td class=\"wpdt-cell wpdt-align-left wpdt-bc-F5F5F5\">Vitesse de validation<\/td>\n<td class=\"wpdt-cell wpdt-align-left\">3,5 pie\u0300ces\/seconde.<\/td>\n<\/tr>\n<tr class=\"wpdt-cell-row \">\n<td class=\"wpdt-cell wpdt-bc-F5F5F5 wpdt-align-left\">Vitesse de retour<\/td>\n<td class=\"wpdt-cell wpdt-align-left\">Jusqu\u2019a\u0300 30 pie\u0300ces\/seconde.<\/td>\n<\/tr>\n<tr class=\"wpdt-cell-row \">\n<td class=\"wpdt-cell wpdt-bc-DDDDED wpdt-align-left\">Recyclage de billets<\/td>\n<td class=\"wpdt-cell wpdt-align-left wpdt-bc-DDDDED wpdt-empty-cell \"><\/td>\n<\/tr>\n<tr class=\"wpdt-cell-row \">\n<td class=\"wpdt-cell wpdt-bc-F5F5F5 wpdt-align-left\">Acceptation<\/td>\n<td class=\"wpdt-cell wpdt-align-left\">Unitaire.<\/td>\n<\/tr>\n<tr class=\"wpdt-cell-row \">\n<td class=\"wpdt-cell wpdt-bc-F5F5F5 wpdt-align-left\">Validation<\/td>\n<td class=\"wpdt-cell wpdt-align-left\">Depuis 5 jusqu\u2019a\u0300 500 euros.<\/td>\n<\/tr>\n<tr class=\"wpdt-cell-row \">\n<td class=\"wpdt-cell wpdt-bc-F5F5F5 wpdt-align-left\">Capacite\u0301<\/td>\n<td class=\"wpdt-cell wpdt-bc-FFFFFF wpdt-align-left\">3 unite\u0301s de recyclage de 47 billets chacune. Unite\u0301 sans recyclage jusqu\u2019a\u0300 500 billets de 5 \u20ac a\u0300 500 \u20ac (uniquement encaissement).<\/td>\n<\/tr>\n<tr class=\"wpdt-cell-row \">\n<td class=\"wpdt-cell wpdt-bc-F5F5F5 wpdt-align-left\">Vitesse de validation<\/td>\n<td class=\"wpdt-cell wpdt-bc-FFFFFF wpdt-align-left\">1 billet\/seconde.<\/td>\n<\/tr>\n<tr class=\"wpdt-cell-row \">\n<td class=\"wpdt-cell wpdt-bc-F5F5F5 wpdt-align-left\">Vitesse de retour<\/td>\n<td class=\"wpdt-cell wpdt-align-left\">1 billet\/seconde.<\/td>\n<\/tr>\n<\/tbody>\n<\/table>\n<\/div>\n<p>&nbsp;<\/p>\n<p>&nbsp;<\/p>\n<p><img fetchpriority=\"high\" decoding=\"async\" class=\"alignnone wp-image-4533 size-full entered lazyloaded\" src=\"https:\/\/jbe-consulting.fr\/wp-content\/uploads\/2024\/10\/cashlogy-dimensions.webp\" sizes=\"(max-width: 1600px) 100vw, 1600px\" srcset=\"https:\/\/jbe-consulting.fr\/wp-content\/uploads\/2024\/10\/cashlogy-dimensions.webp 1600w, https:\/\/jbe-consulting.fr\/wp-content\/uploads\/2024\/10\/cashlogy-dimensions-300x82.webp 300w, https:\/\/jbe-consulting.fr\/wp-content\/uploads\/2024\/10\/cashlogy-dimensions-1024x281.webp 1024w, https:\/\/jbe-consulting.fr\/wp-content\/uploads\/2024\/10\/cashlogy-dimensions-768x211.webp 768w, https:\/\/jbe-consulting.fr\/wp-content\/uploads\/2024\/10\/cashlogy-dimensions-1536x421.webp 1536w\" alt=\"\" width=\"1600\" height=\"439\" data-lazy-srcset=\"https:\/\/jbe-consulting.fr\/wp-content\/uploads\/2024\/10\/cashlogy-dimensions.webp 1600w, https:\/\/jbe-consulting.fr\/wp-content\/uploads\/2024\/10\/cashlogy-dimensions-300x82.webp 300w, https:\/\/jbe-consulting.fr\/wp-content\/uploads\/2024\/10\/cashlogy-dimensions-1024x281.webp 1024w, https:\/\/jbe-consulting.fr\/wp-content\/uploads\/2024\/10\/cashlogy-dimensions-768x211.webp 768w, https:\/\/jbe-consulting.fr\/wp-content\/uploads\/2024\/10\/cashlogy-dimensions-1536x421.webp 1536w\" data-lazy-sizes=\"(max-width: 1600px) 100vw, 1600px\" data-lazy-src=\"https:\/\/jbe-consulting.fr\/wp-content\/uploads\/2024\/10\/cashlogy-dimensions.webp\" data-ll-status=\"loaded\" \/><\/p>\n","protected":false},"excerpt":{"rendered":"<p>Cashlogy est la nouvelle technologie pour les paiements en esp\u00e8ces aux points de vente qui automatise tous les processus de traitement des esp\u00e8ces et simplifie leur manipulation.<\/p>\n","protected":false},"featured_media":2061,"template":"","meta":[],"product_brand":[],"product_cat":[33],"product_tag":[],"class_list":{"0":"post-2064","1":"product","2":"type-product","3":"status-publish","4":"has-post-thumbnail","6":"product_cat-monnayeur","8":"first","9":"instock","10":"shipping-taxable","11":"purchasable","12":"product-type-simple"},"_links":{"self":[{"href":"https:\/\/cashflow-france.com\/index.php\/wp-json\/wp\/v2\/product\/2064","targetHints":{"allow":["GET"]}}],"collection":[{"href":"https:\/\/cashflow-france.com\/index.php\/wp-json\/wp\/v2\/product"}],"about":[{"href":"https:\/\/cashflow-france.com\/index.php\/wp-json\/wp\/v2\/types\/product"}],"wp:featuredmedia":[{"embeddable":true,"href":"https:\/\/cashflow-france.com\/index.php\/wp-json\/wp\/v2\/media\/2061"}],"wp:attachment":[{"href":"https:\/\/cashflow-france.com\/index.php\/wp-json\/wp\/v2\/media?parent=2064"}],"wp:term":[{"taxonomy":"product_brand","embeddable":true,"href":"https:\/\/cashflow-france.com\/index.php\/wp-json\/wp\/v2\/product_brand?post=2064"},{"taxonomy":"product_cat","embeddable":true,"href":"https:\/\/cashflow-france.com\/index.php\/wp-json\/wp\/v2\/product_cat?post=2064"},{"taxonomy":"product_tag","embeddable":true,"href":"https:\/\/cashflow-france.com\/index.php\/wp-json\/wp\/v2\/product_tag?post=2064"}],"curies":[{"name":"wp","href":"https:\/\/api.w.org\/{rel}","templated":true}]}}