{"id":2063,"date":"2026-02-25T12:06:06","date_gmt":"2026-02-25T12:06:06","guid":{"rendered":"https:\/\/cashflow-france.com\/?post_type=product&#038;p=2063"},"modified":"2026-02-25T12:06:06","modified_gmt":"2026-02-25T12:06:06","slug":"monnayeur-ck950-pro","status":"publish","type":"product","link":"https:\/\/cashflow-france.com\/index.php\/product\/monnayeur-ck950-pro\/","title":{"rendered":"Monnayeur CK950 PRO"},"content":{"rendered":"<div class=\"elementor-element elementor-element-f8c5145 elementor-widget elementor-widget-text-editor\" data-id=\"f8c5145\" data-element_type=\"widget\" data-e-type=\"widget\" data-widget_type=\"text-editor.default\">\n<div class=\"elementor-widget-container\">\n<ul>\n<li>Machine compacte et multi-devises garantissant s\u00e9curit\u00e9 et hygi\u00e8ne.<\/li>\n<li>La caisse qui concorde toujours. Pratique et facile \u00e0 installer.<\/li>\n<li>CK950 PRO la solution multiplateforme.<\/li>\n<\/ul>\n<\/div>\n<\/div>\n<div class=\"elementor-element elementor-element-e7636fc elementor-widget elementor-widget-accordion\" data-id=\"e7636fc\" data-element_type=\"widget\" data-e-type=\"widget\" data-widget_type=\"accordion.default\">\n<div class=\"elementor-widget-container\">\n<div class=\"elementor-accordion\">\n<div class=\"elementor-accordion-item\">\n<div id=\"elementor-tab-title-2421\" class=\"elementor-tab-title elementor-active\" tabindex=\"0\" role=\"button\" data-tab=\"1\" aria-controls=\"elementor-tab-content-2421\" aria-expanded=\"true\" aria-selected=\"true\"><a class=\"elementor-accordion-title\" tabindex=\"0\">MACHINE COMPACTE<\/a><\/div>\n<div id=\"elementor-tab-content-2421\" class=\"elementor-tab-content elementor-clearfix elementor-active\" role=\"region\" data-tab=\"1\" aria-labelledby=\"elementor-tab-title-2421\">\n<ul>\n<li>Une seule machine vous permet de g\u00e9rer les billets de banque et les pi\u00e8ces de monnaie.<\/li>\n<li>Facile \u00e0 installer.<\/li>\n<\/ul>\n<\/div>\n<\/div>\n<div class=\"elementor-accordion-item\">\n<div id=\"elementor-tab-title-2422\" class=\"elementor-tab-title\" role=\"button\" data-tab=\"2\" aria-controls=\"elementor-tab-content-2422\" aria-expanded=\"false\"><a class=\"elementor-accordion-title\" tabindex=\"0\">MULTIDEVISES<\/a><\/div>\n<div role=\"button\" data-tab=\"2\" aria-controls=\"elementor-tab-content-2422\" aria-expanded=\"false\">\n<ul>\n<li>Accepte plusieurs devises.<\/li>\n<li>Payez avec une devise.<\/li>\n<\/ul>\n<\/div>\n<\/div>\n<div class=\"elementor-accordion-item\">\n<div id=\"elementor-tab-title-2423\" class=\"elementor-tab-title\" role=\"button\" data-tab=\"3\" aria-controls=\"elementor-tab-content-2423\" aria-expanded=\"false\"><a class=\"elementor-accordion-title\" tabindex=\"0\">S\u00c9CURIT\u00c9<\/a><\/div>\n<div role=\"button\" data-tab=\"3\" aria-controls=\"elementor-tab-content-2423\" aria-expanded=\"false\">\n<ul>\n<li>Personne ne voit ni ne touche \u00e0 l\u2019argent.<\/li>\n<li>Aucune tentation.<\/li>\n<li>L\u2019argent n\u2019est jamais visible et se trouve hors de port\u00e9e d\u2019\u00e9ventuels voleurs ou de nos employ\u00e9s.<\/li>\n<li>\u00c9vitez les soustractions et les vols.<\/li>\n<li>Toutes les transactions sont per\u00e7ues.<\/li>\n<li>Pas d\u2019erreurs de retours de monnaie.<\/li>\n<li>Fixation s\u00e9curis\u00e9e au niveau du comptoir-caisse.<\/li>\n<\/ul>\n<\/div>\n<\/div>\n<div class=\"elementor-accordion-item\">\n<div id=\"elementor-tab-title-2424\" class=\"elementor-tab-title\" role=\"button\" data-tab=\"4\" aria-controls=\"elementor-tab-content-2424\" aria-expanded=\"false\"><a class=\"elementor-accordion-title\" tabindex=\"0\">HYGI\u00c8NE<\/a><\/div>\n<div role=\"button\" data-tab=\"4\" aria-controls=\"elementor-tab-content-2424\" aria-expanded=\"false\">\n<ul>\n<li>Le personnel ne touche jamais \u00e0 l\u2019argent.<\/li>\n<li>Particuli\u00e8rement important dans les boucheries, les poissonneries, les p\u00e2tisseries, les boulangeries et toutes sortes de commerces alimentaires.<\/li>\n<\/ul>\n<\/div>\n<\/div>\n<div class=\"elementor-accordion-item\">\n<div id=\"elementor-tab-title-2425\" class=\"elementor-tab-title\" role=\"button\" data-tab=\"5\" aria-controls=\"elementor-tab-content-2425\" aria-expanded=\"false\"><a class=\"elementor-accordion-title\" tabindex=\"0\">CONTR\u00d4LE<\/a><\/div>\n<div role=\"button\" data-tab=\"5\" aria-controls=\"elementor-tab-content-2425\" aria-expanded=\"false\">\n<ul>\n<li>Le comptage de caisse est toujours correct.<\/li>\n<li>Contr\u00f4le de l\u2019authenticit\u00e9 des billets et des pi\u00e8ces de monnaie.<\/li>\n<li>Informations instantan\u00e9es concernant l\u2019argent en esp\u00e8ces disponible.<\/li>\n<li>Collecte dans des bo\u00eetiers ferm\u00e9s et rempla\u00e7ables, pour les billets de banque aussi bien que pour les pi\u00e8ces de monnaie.<\/li>\n<li>Vous pouvez changer les bo\u00eetiers sans les ouvrir.<\/li>\n<li>Les comptages de caisse lors d\u2019un changement d\u2019\u00e9quipe ou \u00e0 la fin de la journ\u00e9e ne sont pas n\u00e9cessaires.<\/li>\n<li>Avertissements du faible niveau de monnaie.<\/li>\n<li>Contr\u00f4le de l\u2019argent liquide \u00e0 distance.<\/li>\n<\/ul>\n<\/div>\n<\/div>\n<div class=\"elementor-accordion-item\">\n<div id=\"elementor-tab-title-2426\" class=\"elementor-tab-title\" role=\"button\" data-tab=\"6\" aria-controls=\"elementor-tab-content-2426\" aria-expanded=\"false\"><a class=\"elementor-accordion-title\" tabindex=\"0\">CONFORT<\/a><\/div>\n<div role=\"button\" data-tab=\"6\" aria-controls=\"elementor-tab-content-2426\" aria-expanded=\"false\">\n<ul>\n<li>Elle s\u2019auto-alimente en monnaie.<\/li>\n<li>Facile \u00e0 utiliser et \u00e0 installer<\/li>\n<\/ul>\n<\/div>\n<\/div>\n<div class=\"elementor-accordion-item\">\n<div id=\"elementor-tab-title-2427\" class=\"elementor-tab-title\" role=\"button\" data-tab=\"7\" aria-controls=\"elementor-tab-content-2427\" aria-expanded=\"false\"><a class=\"elementor-accordion-title\" tabindex=\"0\">INTERFACE R\u00c9SEAU<\/a><\/div>\n<div role=\"button\" data-tab=\"7\" aria-controls=\"elementor-tab-content-2427\" aria-expanded=\"false\">\n<ul>\n<li>Interface R\u00c9SEAU (RJ45)r<\/li>\n<\/ul>\n<\/div>\n<\/div>\n<\/div>\n<\/div>\n<\/div>\n","protected":false},"excerpt":{"rendered":"<p>Machine compacte garantissant s\u00e9curit\u00e9 et hygi\u00e8ne. Une seule machine vous permet de g\u00e9rer les billets de banque et les pi\u00e8ces de monnaie.<\/p>\n","protected":false},"featured_media":2060,"template":"","meta":[],"product_brand":[],"product_cat":[33],"product_tag":[],"class_list":{"0":"post-2063","1":"product","2":"type-product","3":"status-publish","4":"has-post-thumbnail","6":"product_cat-monnayeur","8":"first","9":"instock","10":"shipping-taxable","11":"purchasable","12":"product-type-simple"},"_links":{"self":[{"href":"https:\/\/cashflow-france.com\/index.php\/wp-json\/wp\/v2\/product\/2063","targetHints":{"allow":["GET"]}}],"collection":[{"href":"https:\/\/cashflow-france.com\/index.php\/wp-json\/wp\/v2\/product"}],"about":[{"href":"https:\/\/cashflow-france.com\/index.php\/wp-json\/wp\/v2\/types\/product"}],"wp:featuredmedia":[{"embeddable":true,"href":"https:\/\/cashflow-france.com\/index.php\/wp-json\/wp\/v2\/media\/2060"}],"wp:attachment":[{"href":"https:\/\/cashflow-france.com\/index.php\/wp-json\/wp\/v2\/media?parent=2063"}],"wp:term":[{"taxonomy":"product_brand","embeddable":true,"href":"https:\/\/cashflow-france.com\/index.php\/wp-json\/wp\/v2\/product_brand?post=2063"},{"taxonomy":"product_cat","embeddable":true,"href":"https:\/\/cashflow-france.com\/index.php\/wp-json\/wp\/v2\/product_cat?post=2063"},{"taxonomy":"product_tag","embeddable":true,"href":"https:\/\/cashflow-france.com\/index.php\/wp-json\/wp\/v2\/product_tag?post=2063"}],"curies":[{"name":"wp","href":"https:\/\/api.w.org\/{rel}","templated":true}]}}