{"id":2062,"date":"2026-02-25T12:01:59","date_gmt":"2026-02-25T12:01:59","guid":{"rendered":"https:\/\/cashflow-france.com\/?post_type=product&#038;p=2062"},"modified":"2026-02-25T12:01:59","modified_gmt":"2026-02-25T12:01:59","slug":"monnayeur-apolo-sigma","status":"publish","type":"product","link":"https:\/\/cashflow-france.com\/index.php\/product\/monnayeur-apolo-sigma\/","title":{"rendered":"Monnayeur APOLO-SIGMA"},"content":{"rendered":"<p>Le Monnayeur Apolo Sigma est con\u00e7u pour apporter \u00e9l\u00e9gance et efficacit\u00e9 \u00e0 votre espace de vente. Int\u00e9grable dans tout type de mobilier ou utilisable en bureau, ce syst\u00e8me de gestion d\u2019argent offre une solution unique et s\u00e9curis\u00e9e, permettant de lib\u00e9rer de l\u2019espace sur le comptoir tout en renfor\u00e7ant l\u2019esth\u00e9tique de votre \u00e9tablissement.<\/p>\n<p>Personnalisable selon vos besoins, il s\u2019adapte parfaitement aux exigences de votre secteur, pour un service \u00e0 la fois pratique et harmonieux.<\/p>\n<p>&nbsp;<\/p>\n<h4>APOLO : Syst\u00e8me efficace, modulaire et \u00e9volutif<\/h4>\n<h6 class=\"et_pb_module_header\">PI\u00c8CES<\/h6>\n<div class=\"et_pb_blurb_description\">\n<ul>\n<li>Acceptez, payez, recyclez et validez les pi\u00e8ces de 0,02 \u20ac \u00e0 2 \u20ac<\/li>\n<li>Jusqu\u2019\u00e0 1 500 pi\u00e8ces pour la monnaie<\/li>\n<li>Capacit\u00e9 du tiroir de collection : 500 pi\u00e8ces<\/li>\n<li>Vitesse d\u2019acceptation des pi\u00e8ces jusqu\u2019\u00e0 4 pi\u00e8ces\/sec.<\/li>\n<li>Vitesse de sortie jusqu\u2019\u00e0 10 pi\u00e8ces\/sec.<\/li>\n<\/ul>\n<p>&nbsp;<\/p>\n<h4>SIGMA : Tranquillit\u00e9, s\u00e9curit\u00e9 et design pour votre entreprise<\/h4>\n<h6 class=\"et_pb_module_header\">BILLETS (Par modules)<\/h6>\n<div class=\"et_pb_blurb_description\">\n<ul>\n<li>Accepte et valide toutes les factures de 5\u20ac \u00e0 500\u20ac<\/li>\n<li>Recyclez et payez 2 d\u00e9nominations (configurable)<\/li>\n<li>Notes de modification\u00a0: jusqu\u2019\u00e0 120 (60 + 60)<\/li>\n<li>Capacit\u00e9 d\u2019entr\u00e9e : 1 en 1<\/li>\n<li>Vitesse d\u2019acceptation et de validation des factures\u00a0: 2,3 secondes\/facture<\/li>\n<li>Capacit\u00e9 de sortie : 1 en 1<\/li>\n<li>Vitesse de sortie des factures\u00a0: 1,3 secondes\/facture<\/li>\n<li>Bo\u00eete de collecte ferm\u00e9e pouvant contenir jusqu\u2019\u00e0 600 billets, de 5 \u20ac \u00e0 500 \u20ac<\/li>\n<li>Finition encastr\u00e9e ou aluminium<\/li>\n<\/ul>\n<p><img fetchpriority=\"high\" decoding=\"async\" class=\"alignleft wp-image-4749 entered lazyloaded\" src=\"https:\/\/jbe-consulting.fr\/wp-content\/uploads\/2024\/10\/Monnayeur-APOLO-dimensions.webp\" sizes=\"(max-width: 400px) 100vw, 400px\" srcset=\"https:\/\/jbe-consulting.fr\/wp-content\/uploads\/2024\/10\/Monnayeur-APOLO-dimensions.webp 857w, https:\/\/jbe-consulting.fr\/wp-content\/uploads\/2024\/10\/Monnayeur-APOLO-dimensions-300x289.webp 300w, https:\/\/jbe-consulting.fr\/wp-content\/uploads\/2024\/10\/Monnayeur-APOLO-dimensions-768x741.webp 768w\" alt=\"\" width=\"400\" height=\"386\" data-lazy-srcset=\"https:\/\/jbe-consulting.fr\/wp-content\/uploads\/2024\/10\/Monnayeur-APOLO-dimensions.webp 857w, https:\/\/jbe-consulting.fr\/wp-content\/uploads\/2024\/10\/Monnayeur-APOLO-dimensions-300x289.webp 300w, https:\/\/jbe-consulting.fr\/wp-content\/uploads\/2024\/10\/Monnayeur-APOLO-dimensions-768x741.webp 768w\" data-lazy-sizes=\"(max-width: 400px) 100vw, 400px\" data-lazy-src=\"https:\/\/jbe-consulting.fr\/wp-content\/uploads\/2024\/10\/Monnayeur-APOLO-dimensions.webp\" data-ll-status=\"loaded\" \/><\/p>\n<\/div>\n<\/div>\n","protected":false},"excerpt":{"rendered":"<p>Le Monnayeur Apolo Sigma allie \u00e9l\u00e9gance et efficacit\u00e9 pour une int\u00e9gration parfaite dans votre mobilier, offrant une gestion des esp\u00e8ces unique, s\u00e9curis\u00e9e et personnalisable pour lib\u00e9rer de l\u2019espace et optimiser la d\u00e9coration de votre point de vente.<\/p>\n","protected":false},"featured_media":2059,"template":"","meta":[],"product_brand":[],"product_cat":[33],"product_tag":[],"class_list":{"0":"post-2062","1":"product","2":"type-product","3":"status-publish","4":"has-post-thumbnail","6":"product_cat-monnayeur","8":"first","9":"instock","10":"shipping-taxable","11":"purchasable","12":"product-type-simple"},"_links":{"self":[{"href":"https:\/\/cashflow-france.com\/index.php\/wp-json\/wp\/v2\/product\/2062","targetHints":{"allow":["GET"]}}],"collection":[{"href":"https:\/\/cashflow-france.com\/index.php\/wp-json\/wp\/v2\/product"}],"about":[{"href":"https:\/\/cashflow-france.com\/index.php\/wp-json\/wp\/v2\/types\/product"}],"wp:featuredmedia":[{"embeddable":true,"href":"https:\/\/cashflow-france.com\/index.php\/wp-json\/wp\/v2\/media\/2059"}],"wp:attachment":[{"href":"https:\/\/cashflow-france.com\/index.php\/wp-json\/wp\/v2\/media?parent=2062"}],"wp:term":[{"taxonomy":"product_brand","embeddable":true,"href":"https:\/\/cashflow-france.com\/index.php\/wp-json\/wp\/v2\/product_brand?post=2062"},{"taxonomy":"product_cat","embeddable":true,"href":"https:\/\/cashflow-france.com\/index.php\/wp-json\/wp\/v2\/product_cat?post=2062"},{"taxonomy":"product_tag","embeddable":true,"href":"https:\/\/cashflow-france.com\/index.php\/wp-json\/wp\/v2\/product_tag?post=2062"}],"curies":[{"name":"wp","href":"https:\/\/api.w.org\/{rel}","templated":true}]}}