{"id":2057,"date":"2026-02-25T11:59:33","date_gmt":"2026-02-25T11:59:33","guid":{"rendered":"https:\/\/cashflow-france.com\/?post_type=product&#038;p=2057"},"modified":"2026-02-25T11:59:33","modified_gmt":"2026-02-25T11:59:33","slug":"ck-zeus-sigma","status":"publish","type":"product","link":"https:\/\/cashflow-france.com\/index.php\/product\/ck-zeus-sigma\/","title":{"rendered":"CK ZEUS-SIGMA"},"content":{"rendered":"<p>Le Monnayeur CK+ Zeus est sp\u00e9cialement con\u00e7u pour g\u00e9rer efficacement les pi\u00e8ces de monnaie en offrant une solution s\u00e9curis\u00e9e et \u00e9l\u00e9gante. Ce monnayeur peut \u00eatre int\u00e9gr\u00e9 directement dans le mobilier ou utilis\u00e9 en bureau, lib\u00e9rant de l\u2019espace pr\u00e9cieux sur le comptoir et compl\u00e9tant l\u2019esth\u00e9tique de votre point de vente. Associ\u00e9 au monnayeur Apolo Sigma qui assure la gestion des billets, il constitue un syst\u00e8me de gestion d\u2019argent unique et complet, adapt\u00e9 aux exigences de votre secteur. Sa personnalisation permet de configurer le monnayeur selon vos besoins, assurant une harmonie parfaite dans votre \u00e9tablissement.<\/p>\n<div class=\"entry-content clr\">\n<div class=\"elementor elementor-4804\" data-elementor-type=\"wp-post\" data-elementor-id=\"4804\" data-elementor-post-type=\"post\">\n<div class=\"elementor-element elementor-element-505964d8 e-flex e-con-boxed e-con e-parent e-lazyloaded\" data-id=\"505964d8\" data-element_type=\"container\" data-e-type=\"container\">\n<div class=\"e-con-inner\">\n<div class=\"elementor-element elementor-element-595b5aa9 elementor-widget elementor-widget-eael-adv-tabs\" data-id=\"595b5aa9\" data-element_type=\"widget\" data-e-type=\"widget\" data-widget_type=\"eael-adv-tabs.default\">\n<div class=\"elementor-widget-container\">\n<div id=\"eael-advance-tabs-595b5aa9\" class=\"eael-advance-tabs eael-tabs-horizontal eael-tab-auto-active eael-tab-toggle\" data-scroll-on-click=\"no\" data-scroll-speed=\"300\" data-tabid=\"595b5aa9\">\n<div class=\"eael-tabs-content\">\n<div id=\"-caractristiques-tab\" class=\"clearfix eael-tab-content-item active\" data-title-link=\"-caractristiques-tab\">\n<div class=\"et_pb_blurb_description\">\n<ul>\n<li>Acceptez, payez, recyclez et validez toutes les pi\u00e8ces de 0,01 \u20ac \u00e0 2 \u20ac<\/li>\n<li>Jusqu\u2019\u00e0 3 673 pi\u00e8ces \u00e0 \u00e9changer<\/li>\n<li>Vitesse d\u2019entr\u00e9e des pi\u00e8ces : 10 pi\u00e8ces\/seconde<\/li>\n<li>Capacit\u00e9 d\u2019entr\u00e9e (validation) : jusqu\u2019\u00e0 30 pi\u00e8ces m\u00e9lang\u00e9es<\/li>\n<li>Vitesse de sortie : 6 pi\u00e8ces\/seconde<\/li>\n<li>Capacit\u00e9 de sortie : jusqu\u2019\u00e0 50 pi\u00e8ces<\/li>\n<\/ul>\n<div class=\"et_pb_blurb_description\">\n<p><img fetchpriority=\"high\" decoding=\"async\" class=\"alignnone wp-image-4827 size-large entered lazyloaded\" src=\"https:\/\/jbe-consulting.fr\/wp-content\/uploads\/2024\/10\/CK-ZEUS-dimentsions-1024x480.webp\" sizes=\"(max-width: 1024px) 100vw, 1024px\" srcset=\"https:\/\/jbe-consulting.fr\/wp-content\/uploads\/2024\/10\/CK-ZEUS-dimentsions-1024x480.webp 1024w, https:\/\/jbe-consulting.fr\/wp-content\/uploads\/2024\/10\/CK-ZEUS-dimentsions-300x141.webp 300w, https:\/\/jbe-consulting.fr\/wp-content\/uploads\/2024\/10\/CK-ZEUS-dimentsions-768x360.webp 768w, https:\/\/jbe-consulting.fr\/wp-content\/uploads\/2024\/10\/CK-ZEUS-dimentsions.webp 1457w\" alt=\"\" width=\"1024\" height=\"480\" data-lazy-srcset=\"https:\/\/jbe-consulting.fr\/wp-content\/uploads\/2024\/10\/CK-ZEUS-dimentsions-1024x480.webp 1024w, https:\/\/jbe-consulting.fr\/wp-content\/uploads\/2024\/10\/CK-ZEUS-dimentsions-300x141.webp 300w, https:\/\/jbe-consulting.fr\/wp-content\/uploads\/2024\/10\/CK-ZEUS-dimentsions-768x360.webp 768w, https:\/\/jbe-consulting.fr\/wp-content\/uploads\/2024\/10\/CK-ZEUS-dimentsions.webp 1457w\" data-lazy-sizes=\"(max-width: 1024px) 100vw, 1024px\" data-lazy-src=\"https:\/\/jbe-consulting.fr\/wp-content\/uploads\/2024\/10\/CK-ZEUS-dimentsions-1024x480.webp\" data-ll-status=\"loaded\" \/><\/p>\n<\/div>\n<\/div>\n<\/div>\n<\/div>\n<\/div>\n<\/div>\n<\/div>\n<\/div>\n<\/div>\n<div class=\"elementor-element elementor-element-2e1a0e9c e-flex e-con-boxed e-con e-parent e-lazyloaded\" data-id=\"2e1a0e9c\" data-element_type=\"container\" data-e-type=\"container\">\n<div class=\"e-con-inner\">\n<div class=\"elementor-element elementor-element-4436c0e1 elementor-widget elementor-widget-qi_addons_for_elementor_image_gallery_masonry\" data-id=\"4436c0e1\" data-element_type=\"widget\" data-e-type=\"widget\" data-widget_type=\"qi_addons_for_elementor_image_gallery_masonry.default\">\n<div class=\"elementor-widget-container\">\n<div class=\"qodef-shortcode qodef-m qodef-qi-image-gallery-masonry qodef-qi-fslightbox-popup qodef-popup-gallery qodef-image--hover-zoom qodef-qi-grid qodef-layout--qi-masonry qodef-items--fixed qodef-col-num--3 qodef-responsive--predefined\">\n<div class=\"qodef-grid-inner qodef--masonry-init\">\n<div class=\"qodef-qi-grid-masonry-sizer\"><\/div>\n<\/div>\n<\/div>\n<\/div>\n<\/div>\n<div class=\"elementor-element elementor-element-25d0d510 gallery-spacing-custom elementor-widget elementor-widget-image-gallery\" data-id=\"25d0d510\" data-element_type=\"widget\" data-e-type=\"widget\" data-widget_type=\"image-gallery.default\">\n<div class=\"elementor-widget-container\">\n<div class=\"elementor-image-gallery\">\n<div id=\"gallery-3\" class=\"gallery galleryid-4804 gallery-columns-2 gallery-size-full\">\n<figure class=\"gallery-item\">\n<div class=\"gallery-icon landscape\"><a class=\"gallery-lightbox\" href=\"https:\/\/jbe-consulting.fr\/wp-content\/uploads\/2024\/10\/CK-en-situation.png\" data-elementor-open-lightbox=\"yes\" data-elementor-lightbox-slideshow=\"25d0d510\" data-elementor-lightbox-title=\"CK+ en situation\" data-e-action-hash=\"#elementor-action%3Aaction%3Dlightbox%26settings%3DeyJpZCI6NDc1MywidXJsIjoiaHR0cHM6XC9cL2piZS1jb25zdWx0aW5nLmZyXC93cC1jb250ZW50XC91cGxvYWRzXC8yMDI0XC8xMFwvQ0stZW4tc2l0dWF0aW9uLnBuZyIsInNsaWRlc2hvdyI6IjI1ZDBkNTEwIn0%3D\"><img decoding=\"async\" class=\"attachment-full size-full entered lazyloaded\" src=\"https:\/\/jbe-consulting.fr\/wp-content\/uploads\/2024\/10\/CK-en-situation.png\" sizes=\"(max-width: 682px) 100vw, 682px\" srcset=\"https:\/\/jbe-consulting.fr\/wp-content\/uploads\/2024\/10\/CK-en-situation.png 682w, https:\/\/jbe-consulting.fr\/wp-content\/uploads\/2024\/10\/CK-en-situation-300x220.png 300w\" alt=\"\" width=\"682\" height=\"501\" data-lazy-srcset=\"https:\/\/jbe-consulting.fr\/wp-content\/uploads\/2024\/10\/CK-en-situation.png 682w, https:\/\/jbe-consulting.fr\/wp-content\/uploads\/2024\/10\/CK-en-situation-300x220.png 300w\" data-lazy-sizes=\"(max-width: 682px) 100vw, 682px\" data-lazy-src=\"https:\/\/jbe-consulting.fr\/wp-content\/uploads\/2024\/10\/CK-en-situation.png\" data-ll-status=\"loaded\" \/><\/a><\/div>\n<\/figure>\n<figure class=\"gallery-item\">\n<div class=\"gallery-icon landscape\"><a class=\"gallery-lightbox\" href=\"https:\/\/jbe-consulting.fr\/wp-content\/uploads\/2024\/10\/Monnayeur-zeus-ck-sigma-boulangerie.png\" data-elementor-open-lightbox=\"yes\" data-elementor-lightbox-slideshow=\"25d0d510\" data-elementor-lightbox-title=\"Monnayeur-zeus-ck+-sigma-boulangerie\" data-e-action-hash=\"#elementor-action%3Aaction%3Dlightbox%26settings%3DeyJpZCI6NDc2MCwidXJsIjoiaHR0cHM6XC9cL2piZS1jb25zdWx0aW5nLmZyXC93cC1jb250ZW50XC91cGxvYWRzXC8yMDI0XC8xMFwvTW9ubmF5ZXVyLXpldXMtY2stc2lnbWEtYm91bGFuZ2VyaWUucG5nIiwic2xpZGVzaG93IjoiMjVkMGQ1MTAifQ%3D%3D\"><img decoding=\"async\" class=\"attachment-full size-full entered lazyloaded\" src=\"https:\/\/jbe-consulting.fr\/wp-content\/uploads\/2024\/10\/Monnayeur-zeus-ck-sigma-boulangerie.png\" sizes=\"(max-width: 1192px) 100vw, 1192px\" srcset=\"https:\/\/jbe-consulting.fr\/wp-content\/uploads\/2024\/10\/Monnayeur-zeus-ck-sigma-boulangerie.png 1192w, https:\/\/jbe-consulting.fr\/wp-content\/uploads\/2024\/10\/Monnayeur-zeus-ck-sigma-boulangerie-300x130.png 300w, https:\/\/jbe-consulting.fr\/wp-content\/uploads\/2024\/10\/Monnayeur-zeus-ck-sigma-boulangerie-1024x445.png 1024w, https:\/\/jbe-consulting.fr\/wp-content\/uploads\/2024\/10\/Monnayeur-zeus-ck-sigma-boulangerie-768x334.png 768w\" alt=\"\" width=\"1192\" height=\"518\" data-lazy-srcset=\"https:\/\/jbe-consulting.fr\/wp-content\/uploads\/2024\/10\/Monnayeur-zeus-ck-sigma-boulangerie.png 1192w, https:\/\/jbe-consulting.fr\/wp-content\/uploads\/2024\/10\/Monnayeur-zeus-ck-sigma-boulangerie-300x130.png 300w, https:\/\/jbe-consulting.fr\/wp-content\/uploads\/2024\/10\/Monnayeur-zeus-ck-sigma-boulangerie-1024x445.png 1024w, https:\/\/jbe-consulting.fr\/wp-content\/uploads\/2024\/10\/Monnayeur-zeus-ck-sigma-boulangerie-768x334.png 768w\" data-lazy-sizes=\"(max-width: 1192px) 100vw, 1192px\" data-lazy-src=\"https:\/\/jbe-consulting.fr\/wp-content\/uploads\/2024\/10\/Monnayeur-zeus-ck-sigma-boulangerie.png\" data-ll-status=\"loaded\" \/><\/a><\/div>\n<\/figure>\n<figure class=\"gallery-item\">\n<div class=\"gallery-icon landscape\"><a class=\"no-lightbox\" href=\"https:\/\/jbe-consulting.fr\/wp-content\/uploads\/2024\/10\/monnayeur-apolo-sigma-ckzeus-6.webp\" data-elementor-open-lightbox=\"yes\" data-elementor-lightbox-slideshow=\"25d0d510\" data-elementor-lightbox-title=\"monnayeur-apolo-sigma-ck+zeus-6\" data-e-action-hash=\"#elementor-action%3Aaction%3Dlightbox%26settings%3DeyJpZCI6NDc5NiwidXJsIjoiaHR0cHM6XC9cL2piZS1jb25zdWx0aW5nLmZyXC93cC1jb250ZW50XC91cGxvYWRzXC8yMDI0XC8xMFwvbW9ubmF5ZXVyLWFwb2xvLXNpZ21hLWNremV1cy02LndlYnAiLCJzbGlkZXNob3ciOiIyNWQwZDUxMCJ9\"><img loading=\"lazy\" decoding=\"async\" class=\"attachment-full size-full entered lazyloaded\" src=\"https:\/\/jbe-consulting.fr\/wp-content\/uploads\/2024\/10\/monnayeur-apolo-sigma-ckzeus-6.webp\" sizes=\"(max-width: 900px) 100vw, 900px\" srcset=\"https:\/\/jbe-consulting.fr\/wp-content\/uploads\/2024\/10\/monnayeur-apolo-sigma-ckzeus-6.webp 900w, https:\/\/jbe-consulting.fr\/wp-content\/uploads\/2024\/10\/monnayeur-apolo-sigma-ckzeus-6-300x131.webp 300w, https:\/\/jbe-consulting.fr\/wp-content\/uploads\/2024\/10\/monnayeur-apolo-sigma-ckzeus-6-768x336.webp 768w\" alt=\"\" width=\"900\" height=\"394\" data-lazy-srcset=\"https:\/\/jbe-consulting.fr\/wp-content\/uploads\/2024\/10\/monnayeur-apolo-sigma-ckzeus-6.webp 900w, https:\/\/jbe-consulting.fr\/wp-content\/uploads\/2024\/10\/monnayeur-apolo-sigma-ckzeus-6-300x131.webp 300w, https:\/\/jbe-consulting.fr\/wp-content\/uploads\/2024\/10\/monnayeur-apolo-sigma-ckzeus-6-768x336.webp 768w\" data-lazy-sizes=\"(max-width: 900px) 100vw, 900px\" data-lazy-src=\"https:\/\/jbe-consulting.fr\/wp-content\/uploads\/2024\/10\/monnayeur-apolo-sigma-ckzeus-6.webp\" data-ll-status=\"loaded\" \/><\/a><\/div>\n<\/figure>\n<figure class=\"gallery-item\">\n<div class=\"gallery-icon landscape\"><a class=\"no-lightbox\" href=\"https:\/\/jbe-consulting.fr\/wp-content\/uploads\/2024\/10\/monnayeur-apolo-sigma-ckzeus-1.webp\" data-elementor-open-lightbox=\"yes\" data-elementor-lightbox-slideshow=\"25d0d510\" data-elementor-lightbox-title=\"monnayeur-apolo-sigma-ck+zeus-1\" data-e-action-hash=\"#elementor-action%3Aaction%3Dlightbox%26settings%3DeyJpZCI6NDc5MiwidXJsIjoiaHR0cHM6XC9cL2piZS1jb25zdWx0aW5nLmZyXC93cC1jb250ZW50XC91cGxvYWRzXC8yMDI0XC8xMFwvbW9ubmF5ZXVyLWFwb2xvLXNpZ21hLWNremV1cy0xLndlYnAiLCJzbGlkZXNob3ciOiIyNWQwZDUxMCJ9\"><img loading=\"lazy\" decoding=\"async\" class=\"attachment-full size-full entered lazyloaded\" src=\"https:\/\/jbe-consulting.fr\/wp-content\/uploads\/2024\/10\/monnayeur-apolo-sigma-ckzeus-1.webp\" sizes=\"(max-width: 900px) 100vw, 900px\" srcset=\"https:\/\/jbe-consulting.fr\/wp-content\/uploads\/2024\/10\/monnayeur-apolo-sigma-ckzeus-1.webp 900w, https:\/\/jbe-consulting.fr\/wp-content\/uploads\/2024\/10\/monnayeur-apolo-sigma-ckzeus-1-300x131.webp 300w, https:\/\/jbe-consulting.fr\/wp-content\/uploads\/2024\/10\/monnayeur-apolo-sigma-ckzeus-1-768x336.webp 768w\" alt=\"\" width=\"900\" height=\"394\" data-lazy-srcset=\"https:\/\/jbe-consulting.fr\/wp-content\/uploads\/2024\/10\/monnayeur-apolo-sigma-ckzeus-1.webp 900w, https:\/\/jbe-consulting.fr\/wp-content\/uploads\/2024\/10\/monnayeur-apolo-sigma-ckzeus-1-300x131.webp 300w, https:\/\/jbe-consulting.fr\/wp-content\/uploads\/2024\/10\/monnayeur-apolo-sigma-ckzeus-1-768x336.webp 768w\" data-lazy-sizes=\"(max-width: 900px) 100vw, 900px\" data-lazy-src=\"https:\/\/jbe-consulting.fr\/wp-content\/uploads\/2024\/10\/monnayeur-apolo-sigma-ckzeus-1.webp\" data-ll-status=\"loaded\" \/><\/a><\/div>\n<\/figure>\n<figure class=\"gallery-item\">\n<div class=\"gallery-icon landscape\"><a class=\"no-lightbox\" href=\"https:\/\/jbe-consulting.fr\/wp-content\/uploads\/2024\/10\/monnayeur-apolo-sigma-ckzeus-5.webp\" data-elementor-open-lightbox=\"yes\" data-elementor-lightbox-slideshow=\"25d0d510\" data-elementor-lightbox-title=\"monnayeur-apolo-sigma-ck+zeus-5\" data-e-action-hash=\"#elementor-action%3Aaction%3Dlightbox%26settings%3DeyJpZCI6NDc5NSwidXJsIjoiaHR0cHM6XC9cL2piZS1jb25zdWx0aW5nLmZyXC93cC1jb250ZW50XC91cGxvYWRzXC8yMDI0XC8xMFwvbW9ubmF5ZXVyLWFwb2xvLXNpZ21hLWNremV1cy01LndlYnAiLCJzbGlkZXNob3ciOiIyNWQwZDUxMCJ9\"><img loading=\"lazy\" decoding=\"async\" class=\"attachment-full size-full entered lazyloaded\" src=\"https:\/\/jbe-consulting.fr\/wp-content\/uploads\/2024\/10\/monnayeur-apolo-sigma-ckzeus-5.webp\" sizes=\"(max-width: 900px) 100vw, 900px\" srcset=\"https:\/\/jbe-consulting.fr\/wp-content\/uploads\/2024\/10\/monnayeur-apolo-sigma-ckzeus-5.webp 900w, https:\/\/jbe-consulting.fr\/wp-content\/uploads\/2024\/10\/monnayeur-apolo-sigma-ckzeus-5-300x131.webp 300w, https:\/\/jbe-consulting.fr\/wp-content\/uploads\/2024\/10\/monnayeur-apolo-sigma-ckzeus-5-768x336.webp 768w\" alt=\"\" width=\"900\" height=\"394\" data-lazy-srcset=\"https:\/\/jbe-consulting.fr\/wp-content\/uploads\/2024\/10\/monnayeur-apolo-sigma-ckzeus-5.webp 900w, https:\/\/jbe-consulting.fr\/wp-content\/uploads\/2024\/10\/monnayeur-apolo-sigma-ckzeus-5-300x131.webp 300w, https:\/\/jbe-consulting.fr\/wp-content\/uploads\/2024\/10\/monnayeur-apolo-sigma-ckzeus-5-768x336.webp 768w\" data-lazy-sizes=\"(max-width: 900px) 100vw, 900px\" data-lazy-src=\"https:\/\/jbe-consulting.fr\/wp-content\/uploads\/2024\/10\/monnayeur-apolo-sigma-ckzeus-5.webp\" data-ll-status=\"loaded\" \/><\/a><\/div>\n<\/figure>\n<figure class=\"gallery-item\">\n<div class=\"gallery-icon landscape\"><a class=\"no-lightbox\" href=\"https:\/\/jbe-consulting.fr\/wp-content\/uploads\/2024\/10\/monnayeur-apolo-sigma-ckzeus-2.webp\" data-elementor-open-lightbox=\"yes\" data-elementor-lightbox-slideshow=\"25d0d510\" data-elementor-lightbox-title=\"monnayeur-apolo-sigma-ck+zeus-2\" data-e-action-hash=\"#elementor-action%3Aaction%3Dlightbox%26settings%3DeyJpZCI6NDc5MywidXJsIjoiaHR0cHM6XC9cL2piZS1jb25zdWx0aW5nLmZyXC93cC1jb250ZW50XC91cGxvYWRzXC8yMDI0XC8xMFwvbW9ubmF5ZXVyLWFwb2xvLXNpZ21hLWNremV1cy0yLndlYnAiLCJzbGlkZXNob3ciOiIyNWQwZDUxMCJ9\"><img loading=\"lazy\" decoding=\"async\" class=\"attachment-full size-full entered lazyloaded\" src=\"https:\/\/jbe-consulting.fr\/wp-content\/uploads\/2024\/10\/monnayeur-apolo-sigma-ckzeus-2.webp\" sizes=\"(max-width: 900px) 100vw, 900px\" srcset=\"https:\/\/jbe-consulting.fr\/wp-content\/uploads\/2024\/10\/monnayeur-apolo-sigma-ckzeus-2.webp 900w, https:\/\/jbe-consulting.fr\/wp-content\/uploads\/2024\/10\/monnayeur-apolo-sigma-ckzeus-2-300x131.webp 300w, https:\/\/jbe-consulting.fr\/wp-content\/uploads\/2024\/10\/monnayeur-apolo-sigma-ckzeus-2-768x336.webp 768w\" alt=\"\" width=\"900\" height=\"394\" data-lazy-srcset=\"https:\/\/jbe-consulting.fr\/wp-content\/uploads\/2024\/10\/monnayeur-apolo-sigma-ckzeus-2.webp 900w, https:\/\/jbe-consulting.fr\/wp-content\/uploads\/2024\/10\/monnayeur-apolo-sigma-ckzeus-2-300x131.webp 300w, https:\/\/jbe-consulting.fr\/wp-content\/uploads\/2024\/10\/monnayeur-apolo-sigma-ckzeus-2-768x336.webp 768w\" data-lazy-sizes=\"(max-width: 900px) 100vw, 900px\" data-lazy-src=\"https:\/\/jbe-consulting.fr\/wp-content\/uploads\/2024\/10\/monnayeur-apolo-sigma-ckzeus-2.webp\" data-ll-status=\"loaded\" \/><\/a><\/div>\n<\/figure>\n<figure class=\"gallery-item\">\n<div class=\"gallery-icon landscape\"><a class=\"no-lightbox\" href=\"https:\/\/jbe-consulting.fr\/wp-content\/uploads\/2024\/10\/monnayeur-apolo-sigma-ckzeus-3.webp\" data-elementor-open-lightbox=\"yes\" data-elementor-lightbox-slideshow=\"25d0d510\" data-elementor-lightbox-title=\"monnayeur-apolo-sigma-ck+zeus-3\" data-e-action-hash=\"#elementor-action%3Aaction%3Dlightbox%26settings%3DeyJpZCI6NDc5NCwidXJsIjoiaHR0cHM6XC9cL2piZS1jb25zdWx0aW5nLmZyXC93cC1jb250ZW50XC91cGxvYWRzXC8yMDI0XC8xMFwvbW9ubmF5ZXVyLWFwb2xvLXNpZ21hLWNremV1cy0zLndlYnAiLCJzbGlkZXNob3ciOiIyNWQwZDUxMCJ9\"><img loading=\"lazy\" decoding=\"async\" class=\"attachment-full size-full entered lazyloaded\" src=\"https:\/\/jbe-consulting.fr\/wp-content\/uploads\/2024\/10\/monnayeur-apolo-sigma-ckzeus-3.webp\" sizes=\"(max-width: 900px) 100vw, 900px\" srcset=\"https:\/\/jbe-consulting.fr\/wp-content\/uploads\/2024\/10\/monnayeur-apolo-sigma-ckzeus-3.webp 900w, https:\/\/jbe-consulting.fr\/wp-content\/uploads\/2024\/10\/monnayeur-apolo-sigma-ckzeus-3-300x131.webp 300w, https:\/\/jbe-consulting.fr\/wp-content\/uploads\/2024\/10\/monnayeur-apolo-sigma-ckzeus-3-768x336.webp 768w\" alt=\"\" width=\"900\" height=\"394\" data-lazy-srcset=\"https:\/\/jbe-consulting.fr\/wp-content\/uploads\/2024\/10\/monnayeur-apolo-sigma-ckzeus-3.webp 900w, https:\/\/jbe-consulting.fr\/wp-content\/uploads\/2024\/10\/monnayeur-apolo-sigma-ckzeus-3-300x131.webp 300w, https:\/\/jbe-consulting.fr\/wp-content\/uploads\/2024\/10\/monnayeur-apolo-sigma-ckzeus-3-768x336.webp 768w\" data-lazy-sizes=\"(max-width: 900px) 100vw, 900px\" data-lazy-src=\"https:\/\/jbe-consulting.fr\/wp-content\/uploads\/2024\/10\/monnayeur-apolo-sigma-ckzeus-3.webp\" data-ll-status=\"loaded\" \/><\/a><\/div>\n<\/figure>\n<figure class=\"gallery-item\">\n<div class=\"gallery-icon landscape\"><a class=\"no-lightbox\" href=\"https:\/\/jbe-consulting.fr\/wp-content\/uploads\/2024\/10\/monnayeur-apolo-sigma-ckzeus-4.webp\" data-elementor-open-lightbox=\"yes\" data-elementor-lightbox-slideshow=\"25d0d510\" data-elementor-lightbox-title=\"monnayeur-apolo-sigma-ck+zeus-4\" data-e-action-hash=\"#elementor-action%3Aaction%3Dlightbox%26settings%3DeyJpZCI6NDc5NywidXJsIjoiaHR0cHM6XC9cL2piZS1jb25zdWx0aW5nLmZyXC93cC1jb250ZW50XC91cGxvYWRzXC8yMDI0XC8xMFwvbW9ubmF5ZXVyLWFwb2xvLXNpZ21hLWNremV1cy00LndlYnAiLCJzbGlkZXNob3ciOiIyNWQwZDUxMCJ9\"><img loading=\"lazy\" decoding=\"async\" class=\"attachment-full size-full entered lazyloaded\" src=\"https:\/\/jbe-consulting.fr\/wp-content\/uploads\/2024\/10\/monnayeur-apolo-sigma-ckzeus-4.webp\" sizes=\"(max-width: 900px) 100vw, 900px\" srcset=\"https:\/\/jbe-consulting.fr\/wp-content\/uploads\/2024\/10\/monnayeur-apolo-sigma-ckzeus-4.webp 900w, https:\/\/jbe-consulting.fr\/wp-content\/uploads\/2024\/10\/monnayeur-apolo-sigma-ckzeus-4-300x131.webp 300w, https:\/\/jbe-consulting.fr\/wp-content\/uploads\/2024\/10\/monnayeur-apolo-sigma-ckzeus-4-768x336.webp 768w\" alt=\"\" width=\"900\" height=\"394\" data-lazy-srcset=\"https:\/\/jbe-consulting.fr\/wp-content\/uploads\/2024\/10\/monnayeur-apolo-sigma-ckzeus-4.webp 900w, https:\/\/jbe-consulting.fr\/wp-content\/uploads\/2024\/10\/monnayeur-apolo-sigma-ckzeus-4-300x131.webp 300w, https:\/\/jbe-consulting.fr\/wp-content\/uploads\/2024\/10\/monnayeur-apolo-sigma-ckzeus-4-768x336.webp 768w\" data-lazy-sizes=\"(max-width: 900px) 100vw, 900px\" data-lazy-src=\"https:\/\/jbe-consulting.fr\/wp-content\/uploads\/2024\/10\/monnayeur-apolo-sigma-ckzeus-4.webp\" data-ll-status=\"loaded\" \/><\/a><\/div>\n<\/figure>\n<\/div>\n<\/div>\n<\/div>\n<\/div>\n<\/div>\n<\/div>\n<\/div>\n<\/div>\n","protected":false},"excerpt":{"rendered":"<p>Le Monnayeur CK+ Zeus est une solution \u00e9l\u00e9gante et efficace, d\u00e9di\u00e9e \u00e0 la gestion s\u00e9curis\u00e9e des pi\u00e8ces de monnaie. Int\u00e9grable au mobilier ou utilisable en bureau, il lib\u00e8re de l\u2019espace sur le comptoir et s\u2019adapte parfaitement \u00e0 l\u2019esth\u00e9tique de votre point de vente.<\/p>\n","protected":false},"featured_media":2058,"template":"","meta":[],"product_brand":[],"product_cat":[33],"product_tag":[],"class_list":{"0":"post-2057","1":"product","2":"type-product","3":"status-publish","4":"has-post-thumbnail","6":"product_cat-monnayeur","8":"first","9":"instock","10":"shipping-taxable","11":"purchasable","12":"product-type-simple"},"_links":{"self":[{"href":"https:\/\/cashflow-france.com\/index.php\/wp-json\/wp\/v2\/product\/2057","targetHints":{"allow":["GET"]}}],"collection":[{"href":"https:\/\/cashflow-france.com\/index.php\/wp-json\/wp\/v2\/product"}],"about":[{"href":"https:\/\/cashflow-france.com\/index.php\/wp-json\/wp\/v2\/types\/product"}],"wp:featuredmedia":[{"embeddable":true,"href":"https:\/\/cashflow-france.com\/index.php\/wp-json\/wp\/v2\/media\/2058"}],"wp:attachment":[{"href":"https:\/\/cashflow-france.com\/index.php\/wp-json\/wp\/v2\/media?parent=2057"}],"wp:term":[{"taxonomy":"product_brand","embeddable":true,"href":"https:\/\/cashflow-france.com\/index.php\/wp-json\/wp\/v2\/product_brand?post=2057"},{"taxonomy":"product_cat","embeddable":true,"href":"https:\/\/cashflow-france.com\/index.php\/wp-json\/wp\/v2\/product_cat?post=2057"},{"taxonomy":"product_tag","embeddable":true,"href":"https:\/\/cashflow-france.com\/index.php\/wp-json\/wp\/v2\/product_tag?post=2057"}],"curies":[{"name":"wp","href":"https:\/\/api.w.org\/{rel}","templated":true}]}}