{"id":2055,"date":"2026-02-23T23:36:50","date_gmt":"2026-02-23T23:36:50","guid":{"rendered":"https:\/\/cashflow-france.com\/?post_type=product&#038;p=2055"},"modified":"2026-02-23T23:36:51","modified_gmt":"2026-02-23T23:36:51","slug":"kit-alarme-ajax","status":"publish","type":"product","link":"https:\/\/cashflow-france.com\/index.php\/product\/kit-alarme-ajax\/","title":{"rendered":"Kit Alarme Ajax"},"content":{"rendered":"<div id=\"1444500541\" class=\"u_1444500541 dmNewParagraph\" data-element-type=\"paragraph\" data-version=\"5\">\n<h2>Prot\u00e9gez votre entreprise gr\u00e2ce \u00e0 nos alarmes anti-intrusion avanc\u00e9es et int\u00e9gr\u00e9es<\/h2>\n<\/div>\n<div id=\"1361382143\" class=\"dmNewParagraph\" data-element-type=\"paragraph\" data-version=\"5\">\n<p><span class=\"\">Dissuadez les cambrioleurs et prot\u00e9gez vos biens et vos employ\u00e9s. <\/span><\/p>\n<p><span class=\"\">Nos alarmes d\u00e9tectent toute tentative d\u2019intrusion et alertent les responsables de la s\u00e9curit\u00e9. <\/span><\/p>\n<p><span class=\"\">Ces syst\u00e8mes peuvent \u00eatre int\u00e9gr\u00e9s avec d\u2019autres dispositifs de s\u00e9curit\u00e9, comme les\u00a0<\/span>cam\u00e9ras de surveillance<span class=\"\">\u00a0et les \u00e9quipements de\u00a0<\/span>contr\u00f4le d\u2019acc\u00e8s.<\/p>\n<p><span class=\"\">En int\u00e9grant nos alarmes dans votre entreprise, vous faites le choix d\u2019une s\u00e9curit\u00e9 renforc\u00e9e. Nos installations sont\u00a0<\/span><strong>conformes aux normes en vigueur<\/strong>.<\/p>\n<h4 class=\"td-price-top-part td-secondary-font\"><span class=\"pricing-title\">Pack Alarme<\/span><\/h4>\n<div class=\"td-pricing-features td-secondary-font\">\n<ul class=\"td-list-style\">\n<li><i class=\"far fa-check-circle\" aria-hidden=\"true\"><\/i>Centrale alarme<\/li>\n<li><i class=\"far fa-check-circle\" aria-hidden=\"true\"><\/i>T\u00e9l\u00e9commande<\/li>\n<li><i class=\"far fa-check-circle\" aria-hidden=\"true\"><\/i>D\u00e9tecteur Ouverture<\/li>\n<li><i class=\"far fa-check-circle\" aria-hidden=\"true\"><\/i>D\u00e9tecteur Mouvement avec cam\u00e9ra<\/li>\n<li><i class=\"far fa-check-circle\" aria-hidden=\"true\"><\/i>Application Mobile<\/li>\n<li>Devis et visite gratuite pour \u00e9tudier votre besoin.<\/li>\n<\/ul>\n<p>Pack \u00e9volutif selon vos futurs besoins.<\/p>\n<\/div>\n<\/div>\n","protected":false},"excerpt":{"rendered":"<h4 class=\"td-price-top-part td-secondary-font\"><span class=\"pricing-title\">Pack Alarme<\/span><\/h4>\n<div class=\"td-pricing-features td-secondary-font\">\n<ul class=\"td-list-style\">\n<li><i class=\"far fa-check-circle\" aria-hidden=\"true\"><\/i>Centrale alarme<\/li>\n<li><i class=\"far fa-check-circle\" aria-hidden=\"true\"><\/i>T\u00e9l\u00e9commande<\/li>\n<li><i class=\"far fa-check-circle\" aria-hidden=\"true\"><\/i>D\u00e9tecteur Ouverture<\/li>\n<li><i class=\"far fa-check-circle\" aria-hidden=\"true\"><\/i>D\u00e9tecteur Mouvement avec cam\u00e9ra<\/li>\n<li><i class=\"far fa-check-circle\" aria-hidden=\"true\"><\/i>Application Mobile<\/li>\n<\/ul>\n<\/div>\n","protected":false},"featured_media":2056,"template":"","meta":[],"product_brand":[],"product_cat":[40],"product_tag":[],"class_list":{"0":"post-2055","1":"product","2":"type-product","3":"status-publish","4":"has-post-thumbnail","6":"product_cat-videosurveillance","8":"first","9":"instock","10":"shipping-taxable","11":"purchasable","12":"product-type-simple"},"_links":{"self":[{"href":"https:\/\/cashflow-france.com\/index.php\/wp-json\/wp\/v2\/product\/2055","targetHints":{"allow":["GET"]}}],"collection":[{"href":"https:\/\/cashflow-france.com\/index.php\/wp-json\/wp\/v2\/product"}],"about":[{"href":"https:\/\/cashflow-france.com\/index.php\/wp-json\/wp\/v2\/types\/product"}],"wp:featuredmedia":[{"embeddable":true,"href":"https:\/\/cashflow-france.com\/index.php\/wp-json\/wp\/v2\/media\/2056"}],"wp:attachment":[{"href":"https:\/\/cashflow-france.com\/index.php\/wp-json\/wp\/v2\/media?parent=2055"}],"wp:term":[{"taxonomy":"product_brand","embeddable":true,"href":"https:\/\/cashflow-france.com\/index.php\/wp-json\/wp\/v2\/product_brand?post=2055"},{"taxonomy":"product_cat","embeddable":true,"href":"https:\/\/cashflow-france.com\/index.php\/wp-json\/wp\/v2\/product_cat?post=2055"},{"taxonomy":"product_tag","embeddable":true,"href":"https:\/\/cashflow-france.com\/index.php\/wp-json\/wp\/v2\/product_tag?post=2055"}],"curies":[{"name":"wp","href":"https:\/\/api.w.org\/{rel}","templated":true}]}}