{"id":2036,"date":"2026-02-23T22:23:08","date_gmt":"2026-02-23T22:23:08","guid":{"rendered":"https:\/\/cashflow-france.com\/?post_type=product&#038;p=2036"},"modified":"2026-02-23T23:07:40","modified_gmt":"2026-02-23T23:07:40","slug":"kit-4-cameras-4mp","status":"publish","type":"product","link":"https:\/\/cashflow-france.com\/index.php\/product\/kit-4-cameras-4mp\/","title":{"rendered":"Kit 4 cam\u00e9ras"},"content":{"rendered":"<div id=\"1112568396\" class=\"u_1112568396 dmNewParagraph\" data-element-type=\"paragraph\" data-version=\"5\">\n<h2 class=\"m-size-26 size-33\"><span class=\"font-size-33 m-font-size-26\">Prot\u00e9gez votre entreprise au moyen d\u2019un syst\u00e8me de vid\u00e9osurveillance avanc\u00e9<\/span><\/h2>\n<\/div>\n<div id=\"1908038322\" class=\"dmNewParagraph\" data-element-type=\"paragraph\" data-version=\"5\">\n<p>Nous proposons divers syst\u00e8mes de vid\u00e9osurveillance pour les entreprises.<\/p>\n<ul class=\"defaultList bullet\">\n<li><span class=\"\">Les cam\u00e9ras IP offrent une excellente qualit\u00e9 d\u2019image et des fonctionnalit\u00e9s avanc\u00e9es comme la\u00a0<\/span><strong>d\u00e9tection de mouvement<\/strong><span class=\"\">\u00a0et l\u2019enregistrement en continu.<\/span><\/li>\n<li>Commandez votre pack cam\u00e9ras selon vos besoins<\/li>\n<li>Installation et mise en service en option.<\/li>\n<li>Devis et visite gratuit<\/li>\n<li><strong>Laissez-vous guidez pour choisir la solution la plus adapt\u00e9e \u00e0 vos besoins.<\/strong><\/li>\n<\/ul>\n<\/div>\n","protected":false},"excerpt":{"rendered":"<h4 class=\"td-price-desc td-last-p-0\">Pack 4 cam\u00e9ras 4 M\u00e9gapixel, 1To stockage.<\/h4>\n<div class=\"td-pricing-features td-secondary-font\">\n<ul class=\"td-list-style\">\n<li><i class=\"far fa-check-circle\" aria-hidden=\"true\"><\/i>4X cam\u00e9ras HD 4MP<\/li>\n<li><i class=\"far fa-check-circle\" aria-hidden=\"true\"><\/i>1X Enregistreur POE<\/li>\n<li><i class=\"far fa-check-circle\" aria-hidden=\"true\"><\/i>1X Disque dur 1To<\/li>\n<li><i class=\"far fa-check-circle\" aria-hidden=\"true\"><\/i>4X C\u00e2bles RJ45 20M<\/li>\n<li><i class=\"far fa-check-circle\" aria-hidden=\"true\"><\/i>Application Mobile<\/li>\n<\/ul>\n<\/div>\n","protected":false},"featured_media":2037,"template":"","meta":[],"product_brand":[],"product_cat":[40],"product_tag":[],"class_list":{"0":"post-2036","1":"product","2":"type-product","3":"status-publish","4":"has-post-thumbnail","6":"product_cat-videosurveillance","8":"first","9":"instock","10":"shipping-taxable","11":"purchasable","12":"product-type-simple"},"_links":{"self":[{"href":"https:\/\/cashflow-france.com\/index.php\/wp-json\/wp\/v2\/product\/2036","targetHints":{"allow":["GET"]}}],"collection":[{"href":"https:\/\/cashflow-france.com\/index.php\/wp-json\/wp\/v2\/product"}],"about":[{"href":"https:\/\/cashflow-france.com\/index.php\/wp-json\/wp\/v2\/types\/product"}],"wp:featuredmedia":[{"embeddable":true,"href":"https:\/\/cashflow-france.com\/index.php\/wp-json\/wp\/v2\/media\/2037"}],"wp:attachment":[{"href":"https:\/\/cashflow-france.com\/index.php\/wp-json\/wp\/v2\/media?parent=2036"}],"wp:term":[{"taxonomy":"product_brand","embeddable":true,"href":"https:\/\/cashflow-france.com\/index.php\/wp-json\/wp\/v2\/product_brand?post=2036"},{"taxonomy":"product_cat","embeddable":true,"href":"https:\/\/cashflow-france.com\/index.php\/wp-json\/wp\/v2\/product_cat?post=2036"},{"taxonomy":"product_tag","embeddable":true,"href":"https:\/\/cashflow-france.com\/index.php\/wp-json\/wp\/v2\/product_tag?post=2036"}],"curies":[{"name":"wp","href":"https:\/\/api.w.org\/{rel}","templated":true}]}}