{"id":2034,"date":"2026-02-23T22:10:45","date_gmt":"2026-02-23T22:10:45","guid":{"rendered":"https:\/\/cashflow-france.com\/?post_type=product&#038;p=2034"},"modified":"2026-02-23T22:12:09","modified_gmt":"2026-02-23T22:12:09","slug":"balance-caisse-bm5-arm","status":"publish","type":"product","link":"https:\/\/cashflow-france.com\/index.php\/product\/balance-caisse-bm5-arm\/","title":{"rendered":"Balance Caisse BM5 ARM"},"content":{"rendered":"<p>La Balance BM5 ARM est une balance caisse haut de gamme qui se distingue par ses fonctionnalit\u00e9s avanc\u00e9es et son design audacieux. En int\u00e9grant \u00e0 la fois une imprimante et une \u00e9tiqueteuse, elle offre une solution pratique qui optimise l\u2019espace de travail et am\u00e9liore l\u2019efficacit\u00e9 en point de vente. Con\u00e7ue pour r\u00e9pondre aux exigences des commerces modernes, la BM5 ARM facilite la gestion des transactions tout en offrant une exp\u00e9rience client optimale.<\/p>\n<table id=\"wpdtSimpleTable-41\" class=\"wpdtSimpleTable wpDataTable\">\n<tbody>\n<tr class=\"wpdt-cell-row \">\n<td class=\"wpdt-cell wpdt-align-left wpdt-bc-F5F5F5\">\u00c9cran principal<\/td>\n<td class=\"wpdt-cell wpdt-align-left wpdt-bc-FFFFFF\">Moniteur tactile 15\u2033 TFT avec technologie capacitive projet\u00e9e<\/td>\n<\/tr>\n<tr class=\"wpdt-cell-row \">\n<td class=\"wpdt-cell wpdt-align-left wpdt-bc-F5F5F5\">\u00c9cran secondaire<\/td>\n<td class=\"wpdt-cell wpdt-align-left\">2\u00e8me moniteur TFT 10.1\u2033<\/td>\n<\/tr>\n<tr class=\"wpdt-cell-row \">\n<td class=\"wpdt-cell wpdt-bc-F5F5F5 wpdt-align-left\">Interface utilisateur<\/td>\n<td class=\"wpdt-cell wpdt-bc-FFFFFF wpdt-align-left\">Interface graphique, intuitive et facile \u00e0 utiliser<\/td>\n<\/tr>\n<tr class=\"wpdt-cell-row \">\n<td class=\"wpdt-cell wpdt-align-left wpdt-bc-F5F5F5\">Processeur<\/td>\n<td class=\"wpdt-cell wpdt-align-left\">Carte m\u00e8re Marques i.MX6 2\u00d71 GHz (Dual Cortex-A9 MPCore)<\/td>\n<\/tr>\n<tr class=\"wpdt-cell-row \">\n<td class=\"wpdt-cell wpdt-align-left wpdt-bc-F5F5F5\">Stockage<\/td>\n<td class=\"wpdt-cell wpdt-align-left\">Disque Flash eMMC de 8 Go<\/td>\n<\/tr>\n<tr class=\"wpdt-cell-row \">\n<td class=\"wpdt-cell wpdt-align-left wpdt-bc-F5F5F5\">M\u00e9moire RAM<\/td>\n<td class=\"wpdt-cell wpdt-align-left\">1 Go DDR3-1333<\/td>\n<\/tr>\n<tr class=\"wpdt-cell-row \">\n<td class=\"wpdt-cell wpdt-align-left wpdt-bc-F5F5F5\">Connectique USB<\/td>\n<td class=\"wpdt-cell wpdt-align-left\">2 ports USB en bas et 1 port USB en haut<\/td>\n<\/tr>\n<tr class=\"wpdt-cell-row \">\n<td class=\"wpdt-cell wpdt-align-left wpdt-bc-F5F5F5\">Connectique s\u00e9rie<\/td>\n<td class=\"wpdt-cell wpdt-align-left\">1 port s\u00e9rie<\/td>\n<\/tr>\n<tr class=\"wpdt-cell-row \">\n<td class=\"wpdt-cell wpdt-align-left wpdt-bc-F5F5F5\">Connexion tiroir-caisse<\/td>\n<td class=\"wpdt-cell wpdt-align-left\">Oui<\/td>\n<\/tr>\n<tr class=\"wpdt-cell-row \">\n<td class=\"wpdt-cell wpdt-align-left wpdt-bc-F5F5F5\">Connexion r\u00e9seau<\/td>\n<td class=\"wpdt-cell wpdt-align-left\">Port Ethernet 10\/100 Mbps<\/td>\n<\/tr>\n<tr class=\"wpdt-cell-row \">\n<td class=\"wpdt-cell wpdt-align-left wpdt-bc-F5F5F5\">Impression<\/td>\n<td class=\"wpdt-cell wpdt-align-left\">Imprimante thermique pour tickets et \u00e9tiquettes (80 mm, recharge papier)<\/td>\n<\/tr>\n<tr class=\"wpdt-cell-row \">\n<td class=\"wpdt-cell wpdt-align-left wpdt-bc-F5F5F5\">Types de papier<\/td>\n<td class=\"wpdt-cell wpdt-align-left\">Papier continu, \u00e9tiquettes, et papier autocollant continu pour imprimante<\/td>\n<\/tr>\n<tr class=\"wpdt-cell-row \">\n<td class=\"wpdt-cell wpdt-align-left wpdt-bc-F5F5F5\">Mat\u00e9riau<\/td>\n<td class=\"wpdt-cell wpdt-align-left\">Corps en acier inoxydable<\/td>\n<\/tr>\n<tr class=\"wpdt-cell-row \">\n<td class=\"wpdt-cell wpdt-align-left wpdt-bc-F5F5F5\">Dimensions du plateau<\/td>\n<td class=\"wpdt-cell wpdt-align-left\">375 x 275 mm<\/td>\n<\/tr>\n<tr class=\"wpdt-cell-row \">\n<td class=\"wpdt-cell wpdt-align-left wpdt-bc-F5F5F5\">Niveau<\/td>\n<td class=\"wpdt-cell wpdt-align-left\">Bulle de niveau num\u00e9rique<\/td>\n<\/tr>\n<tr class=\"wpdt-cell-row \">\n<td class=\"wpdt-cell wpdt-align-left wpdt-bc-F5F5F5\">Plaque arri\u00e8re<\/td>\n<td class=\"wpdt-cell wpdt-align-left\">Plaque avec dos<\/td>\n<\/tr>\n<tr class=\"wpdt-cell-row \">\n<td class=\"wpdt-cell wpdt-align-left wpdt-bc-F5F5F5\">Logiciel de facturation<\/td>\n<td class=\"wpdt-cell wpdt-align-left\">Certifi\u00e9 par l\u2019administration fiscale (Portugal, SAFT-PT, inventaires)<\/td>\n<\/tr>\n<tr class=\"wpdt-cell-row \">\n<td class=\"wpdt-cell wpdt-align-left wpdt-bc-F5F5F5\">Certification de conformit\u00e9<\/td>\n<td class=\"wpdt-cell wpdt-align-left\">Certifi\u00e9 NMI Certin BV (TC8610), conforme aux normes EN 45501 et OIML R76-1 pour les instruments de pesage non automatiques<\/td>\n<\/tr>\n<\/tbody>\n<\/table>\n","protected":false},"excerpt":{"rendered":"<p>La balance de commerce BM5 ARM allie innovation et \u00e9l\u00e9gance. Dot\u00e9e d\u2019une imprimante et d\u2019une \u00e9tiqueteuse int\u00e9gr\u00e9es, elle offre une solution haut de gamme qui optimise l\u2019espace et simplifie les op\u00e9rations en point de vente.<\/p>\n","protected":false},"featured_media":2035,"template":"","meta":[],"product_brand":[],"product_cat":[37],"product_tag":[],"class_list":{"0":"post-2034","1":"product","2":"type-product","3":"status-publish","4":"has-post-thumbnail","6":"product_cat-balances","8":"first","9":"instock","10":"shipping-taxable","11":"purchasable","12":"product-type-simple"},"_links":{"self":[{"href":"https:\/\/cashflow-france.com\/index.php\/wp-json\/wp\/v2\/product\/2034","targetHints":{"allow":["GET"]}}],"collection":[{"href":"https:\/\/cashflow-france.com\/index.php\/wp-json\/wp\/v2\/product"}],"about":[{"href":"https:\/\/cashflow-france.com\/index.php\/wp-json\/wp\/v2\/types\/product"}],"wp:featuredmedia":[{"embeddable":true,"href":"https:\/\/cashflow-france.com\/index.php\/wp-json\/wp\/v2\/media\/2035"}],"wp:attachment":[{"href":"https:\/\/cashflow-france.com\/index.php\/wp-json\/wp\/v2\/media?parent=2034"}],"wp:term":[{"taxonomy":"product_brand","embeddable":true,"href":"https:\/\/cashflow-france.com\/index.php\/wp-json\/wp\/v2\/product_brand?post=2034"},{"taxonomy":"product_cat","embeddable":true,"href":"https:\/\/cashflow-france.com\/index.php\/wp-json\/wp\/v2\/product_cat?post=2034"},{"taxonomy":"product_tag","embeddable":true,"href":"https:\/\/cashflow-france.com\/index.php\/wp-json\/wp\/v2\/product_tag?post=2034"}],"curies":[{"name":"wp","href":"https:\/\/api.w.org\/{rel}","templated":true}]}}