{"id":2032,"date":"2026-02-23T21:55:43","date_gmt":"2026-02-23T21:55:43","guid":{"rendered":"https:\/\/cashflow-france.com\/?post_type=product&#038;p=2032"},"modified":"2026-02-23T22:03:18","modified_gmt":"2026-02-23T22:03:18","slug":"pack-caisse-m6-n95","status":"publish","type":"product","link":"https:\/\/cashflow-france.com\/index.php\/product\/pack-caisse-m6-n95\/","title":{"rendered":"Pack Caisse M6 N95"},"content":{"rendered":"<p>La\u00a0<strong>ITS <\/strong>\u00a0est une\u00a0<strong>caisse tactile<\/strong>\u00a0polyvalente qui s\u2019adapte aux exigences des commerces modernes. Utilisable \u00e0 l\u2019horizontale comme en\u00a0<strong>caisse traditionnelle<\/strong>, ou \u00e0 la verticale en\u00a0<strong>mode borne libre-service<\/strong>, elle r\u00e9pond aux besoins des boutiques, restaurants, billetteries ou points d\u2019accueil.<\/p>\n<p>Elle int\u00e8gre un \u00e9cran tactile 15,6 pouces en\u00a0<strong>verre tremp\u00e9<\/strong> pour plus de durabilit\u00e9, de lisibilit\u00e9 et d\u2019hygi\u00e8ne,\u00a0r\u00e9sistante \u00e0 la poussi\u00e8re et \u00e0 l\u2019humidit\u00e9. Son design tripartie facilite la maintenance, avec un\u00a0<strong>SSD rempla\u00e7able en 5 secondes<\/strong>\u00a0et une installation rapide du second \u00e9cran client.<\/p>\n<p>Propuls\u00e9e par un\u00a0<strong>processeur Intel\u00ae de 12e g\u00e9n\u00e9ration<\/strong>, elle garantit une grande fluidit\u00e9, m\u00eame pour les applications les plus exigeantes. De nombreuses options sont disponibles :\u00a0<strong>affichage client VFD ou \u00e9cran 9,7\u2033<\/strong>,\u00a0<strong>MSR<\/strong>,\u00a0<strong>lecteur Dallas<\/strong>,\u00a0<strong>audio int\u00e9gr\u00e9<\/strong>, etc.<\/p>\n<p>&nbsp;<\/p>\n<table id=\"wpdtSimpleTable-58\" class=\"wpdtSimpleTable wpDataTable\">\n<tbody>\n<tr class=\"wpdt-cell-row \">\n<td class=\"wpdt-cell wpdt-bc-F5F5F5 wpdt-align-left\">Processeur<\/td>\n<td class=\"wpdt-cell wpdt-bc-FFFFFF wpdt-align-left\">Intel\u00ae N95 \/ N97 \/ i3 \/ i5<\/td>\n<\/tr>\n<tr class=\"wpdt-cell-row \">\n<td class=\"wpdt-cell wpdt-bc-F5F5F5 wpdt-align-left\">M\u00e9moire RAM<\/td>\n<td class=\"wpdt-cell wpdt-bc-FFFFFF wpdt-align-left\">8 Go<\/td>\n<\/tr>\n<tr class=\"wpdt-cell-row \">\n<td class=\"wpdt-cell wpdt-align-left wpdt-bc-F5F5F5\">Stockage<\/td>\n<td class=\"wpdt-cell wpdt-align-left wpdt-bc-FFFFFF\">SSD 128 Go (amovible)<\/td>\n<\/tr>\n<tr class=\"wpdt-cell-row \">\n<td class=\"wpdt-cell wpdt-bc-F5F5F5 wpdt-align-left\">\u00c9cran<\/td>\n<td class=\"wpdt-cell wpdt-bc-FFFFFF wpdt-align-left\">Tactile 15,6\u2033, verre tremp\u00e9<\/td>\n<\/tr>\n<tr class=\"wpdt-cell-row \">\n<td class=\"wpdt-cell wpdt-bc-F5F5F5 wpdt-align-left\">Mode double usage<\/td>\n<td class=\"wpdt-cell wpdt-bc-FFFFFF wpdt-align-left\">POS ou borne (\u00e9cran pivotable)<\/td>\n<\/tr>\n<tr class=\"wpdt-cell-row \">\n<td class=\"wpdt-cell wpdt-bc-F5F5F5 wpdt-align-left\">Afficheurs clients<\/td>\n<td class=\"wpdt-cell wpdt-bc-FFFFFF wpdt-align-left\">VFD \/ 9,7\u2033 \/ 15\u2033 (optionnels)<\/td>\n<\/tr>\n<tr class=\"wpdt-cell-row \">\n<td class=\"wpdt-cell wpdt-align-left wpdt-bc-F5F5F5\">Connectique<\/td>\n<td class=\"wpdt-cell wpdt-align-left\">6 USB, 3 RS232, RJ45, DisplayPort, audio 3,5 mm<\/td>\n<\/tr>\n<tr class=\"wpdt-cell-row \">\n<td class=\"wpdt-cell wpdt-bc-F5F5F5 wpdt-align-left\">Modules<\/td>\n<td class=\"wpdt-cell wpdt-bc-FFFFFF wpdt-align-left\">MSR \/ Cl\u00e9 Dallas (options)<\/td>\n<\/tr>\n<tr class=\"wpdt-cell-row \">\n<td class=\"wpdt-cell wpdt-align-left wpdt-bc-F5F5F5\">Construction<\/td>\n<td class=\"wpdt-cell wpdt-align-left\">Aluminium IP55, anti-poussi\u00e8re et humidit\u00e9<\/td>\n<\/tr>\n<tr class=\"wpdt-cell-row \">\n<td class=\"wpdt-cell wpdt-align-left wpdt-bc-F5F5F5\">Syst\u00e8me<\/td>\n<td class=\"wpdt-cell wpdt-align-left\">Windows ou Linux<\/td>\n<\/tr>\n<\/tbody>\n<\/table>\n","protected":false},"excerpt":{"rendered":"<div class=\"elementor-element elementor-element-25123f4a elementor-widget elementor-widget-text-editor\" data-id=\"25123f4a\" data-element_type=\"widget\" data-e-type=\"widget\" data-widget_type=\"text-editor.default\">\n<div class=\"elementor-widget-container\">\n<p data-start=\"297\" data-end=\"543\"><strong>\u00c9cran tactile 15\u2033, afficheur 9,7\u2033, imprimante, tiroir-caisse, logiciel NF525 inclus.<\/strong><\/p>\n<h4 data-start=\"297\" data-end=\"543\"><strong>1990\u20acHT OU 83\u20acHT\/mois<\/strong><\/h4>\n<p data-start=\"297\" data-end=\"543\"><em data-start=\"270\" data-end=\"324\">Option : installation 590 \u20ac HT \/ Backoffice 390 \u20ac HT<\/em><\/p>\n<\/div>\n<\/div>\n<div class=\"elementor-element elementor-element-d717e51 elementor-widget elementor-widget-text-editor\" data-id=\"d717e51\" data-element_type=\"widget\" data-e-type=\"widget\" data-widget_type=\"text-editor.default\">\n<div class=\"elementor-widget-container\">\n<p data-start=\"297\" data-end=\"543\"><strong>Design compact, performance pro, usage POS ou Kiosque.<\/strong><\/p>\n<p data-start=\"384\" data-end=\"635\">La caisse ITS J6412\u00a0 combine puissance, fiabilit\u00e9 et design \u00e9l\u00e9gant. Son \u00e9cran tactile en verre anti-rayures et son processeur Intel\u00ae derni\u00e8re g\u00e9n\u00e9ration assurent des encaissements rapides et s\u00e9curis\u00e9s, en mode classique ou libre-service.<\/p>\n<\/div>\n<\/div>\n","protected":false},"featured_media":2033,"template":"","meta":[],"product_brand":[],"product_cat":[46],"product_tag":[],"class_list":{"0":"post-2032","1":"product","2":"type-product","3":"status-publish","4":"has-post-thumbnail","6":"product_cat-caisses","8":"first","9":"instock","10":"shipping-taxable","11":"purchasable","12":"product-type-simple"},"_links":{"self":[{"href":"https:\/\/cashflow-france.com\/index.php\/wp-json\/wp\/v2\/product\/2032","targetHints":{"allow":["GET"]}}],"collection":[{"href":"https:\/\/cashflow-france.com\/index.php\/wp-json\/wp\/v2\/product"}],"about":[{"href":"https:\/\/cashflow-france.com\/index.php\/wp-json\/wp\/v2\/types\/product"}],"wp:featuredmedia":[{"embeddable":true,"href":"https:\/\/cashflow-france.com\/index.php\/wp-json\/wp\/v2\/media\/2033"}],"wp:attachment":[{"href":"https:\/\/cashflow-france.com\/index.php\/wp-json\/wp\/v2\/media?parent=2032"}],"wp:term":[{"taxonomy":"product_brand","embeddable":true,"href":"https:\/\/cashflow-france.com\/index.php\/wp-json\/wp\/v2\/product_brand?post=2032"},{"taxonomy":"product_cat","embeddable":true,"href":"https:\/\/cashflow-france.com\/index.php\/wp-json\/wp\/v2\/product_cat?post=2032"},{"taxonomy":"product_tag","embeddable":true,"href":"https:\/\/cashflow-france.com\/index.php\/wp-json\/wp\/v2\/product_tag?post=2032"}],"curies":[{"name":"wp","href":"https:\/\/api.w.org\/{rel}","templated":true}]}}