{"id":1982,"date":"2026-02-23T19:38:39","date_gmt":"2026-02-23T19:38:39","guid":{"rendered":"https:\/\/cashflow-france.com\/?post_type=product&#038;p=1982"},"modified":"2026-02-23T23:02:11","modified_gmt":"2026-02-23T23:02:11","slug":"cashdro-5","status":"publish","type":"product","link":"https:\/\/cashflow-france.com\/index.php\/product\/cashdro-5\/","title":{"rendered":"CashDro 5"},"content":{"rendered":"<h4>Gestion intelligente de la tr\u00e9sorerie<\/h4>\n<ul>\n<li>Le plus s\u00fbr et le plus polyvalent du march\u00e9 dans son segment.<\/li>\n<li>Rejette les faux billets.<\/li>\n<li>Gestion \u00e0 distance de l\u2019\u00e9tat de la tr\u00e9sorerie en temps r\u00e9el.<\/li>\n<li>Augmente la productivit\u00e9 et am\u00e9liore l\u2019exp\u00e9rience client.<\/li>\n<li>Hygi\u00e8ne alimentaire garantie.<\/li>\n<li>Cl\u00f4ture de tr\u00e9sorerie instantan\u00e9e et sans d\u00e9s\u00e9quilibre.<\/li>\n<\/ul>\n<h4>Caract\u00e9ristiques<\/h4>\n<ul>\n<li>Ecran tactile 7\u201d pour guider l\u2019utilisateur<\/li>\n<li>Tr\u00e9mie frontale pour ins\u00e9rer les pi\u00e8ces<\/li>\n<li>T\u00f4le d\u2019acier de 3 mm d\u2019\u00e9paisseur<\/li>\n<li>Introduction et validation des billets<\/li>\n<li>Syst\u00e8me anti-levier<\/li>\n<li>Rendu des pi\u00e8ces<\/li>\n<li>Syst\u00e8me d\u2019ancrage<\/li>\n<li>Blocage d\u2019acc\u00e8s aux esp\u00e8ces (en option)<\/li>\n<\/ul>\n<table id=\"wpdtSimpleTable-62\" class=\"wpdtSimpleTable wpDataTable\">\n<tbody>\n<tr class=\"wpdt-cell-row \">\n<td class=\"wpdt-cell wpdt-bc-F5F5F5 wpdt-align-left\">Accepte, valide et distribue les pi\u00e8ces<\/td>\n<td class=\"wpdt-cell wpdt-align-left wpdt-bc-FFFFFF\">EURO: de 1ct \u00e0 2\u20ac \u2013 Autres devises : nous consulter<\/td>\n<\/tr>\n<tr class=\"wpdt-cell-row \">\n<td class=\"wpdt-cell wpdt-align-left wpdt-bc-F5F5F5\">Accepte, valide et distribue les billets<\/td>\n<td class=\"wpdt-cell wpdt-align-left wpdt-bc-FFFFFF\">EURO: de 5\u20ac \u00e0 500\u20ac \u2013 Autres devises : nous consulter<\/td>\n<\/tr>\n<tr class=\"wpdt-cell-row \">\n<td class=\"wpdt-cell wpdt-align-left wpdt-bc-F5F5F5\">D\u00e9tection et rejet des fausses pi\u00e8ces<\/td>\n<td class=\"wpdt-cell wpdt-align-left\">Oui<\/td>\n<\/tr>\n<tr class=\"wpdt-cell-row \">\n<td class=\"wpdt-cell wpdt-bc-F5F5F5 wpdt-align-left\">Syst\u00e8me anti-levier<\/td>\n<td class=\"wpdt-cell wpdt-bc-FFFFFF wpdt-align-left\">Oui<\/td>\n<\/tr>\n<tr class=\"wpdt-cell-row \">\n<td class=\"wpdt-cell wpdt-bc-F5F5F5 wpdt-align-left\">Capacit\u00e9 du recycleur de pi\u00e8ces<\/td>\n<td class=\"wpdt-cell wpdt-bc-FFFFFF wpdt-align-left\">1.500<\/td>\n<\/tr>\n<tr class=\"wpdt-cell-row \">\n<td class=\"wpdt-cell wpdt-align-left wpdt-bc-F5F5F5\">Vitesse de validation des pi\u00e8ces<\/td>\n<td class=\"wpdt-cell wpdt-align-left\">4 pi\u00e8ces \/s<\/td>\n<\/tr>\n<tr class=\"wpdt-cell-row \">\n<td class=\"wpdt-cell wpdt-align-left wpdt-bc-F5F5F5\">Vitesse de distribution des pi\u00e8ces<\/td>\n<td class=\"wpdt-cell wpdt-align-left\">12 pi\u00e8ces \/s<\/td>\n<\/tr>\n<tr class=\"wpdt-cell-row \">\n<td class=\"wpdt-cell wpdt-align-left wpdt-bc-F5F5F5\">Capacit\u00e9 de la cassete de p\u00ec\u00e8ces<\/td>\n<td class=\"wpdt-cell wpdt-align-left\">1.500 pi\u00e8ces<\/td>\n<\/tr>\n<tr class=\"wpdt-cell-row \">\n<td class=\"wpdt-cell wpdt-align-left wpdt-bc-F5F5F5\">Capacit\u00e9 de recyclage des billets<\/td>\n<td class=\"wpdt-cell wpdt-align-left\">300 billets (3 recycleurs x 100)<\/td>\n<\/tr>\n<tr class=\"wpdt-cell-row \">\n<td class=\"wpdt-cell wpdt-align-left wpdt-bc-F5F5F5\">Capacit\u00e9 de la cassette des billets<\/td>\n<td class=\"wpdt-cell wpdt-align-left\">1.000 billets<\/td>\n<\/tr>\n<tr class=\"wpdt-cell-row \">\n<td class=\"wpdt-cell wpdt-align-left wpdt-bc-F5F5F5\">Vitesse de validation des billets<\/td>\n<td class=\"wpdt-cell wpdt-align-left\">2 s\/billet<\/td>\n<\/tr>\n<tr class=\"wpdt-cell-row \">\n<td class=\"wpdt-cell wpdt-align-left wpdt-bc-F5F5F5\">Vitesse de distribution des billets<\/td>\n<td class=\"wpdt-cell wpdt-align-left\">3,2 s\/billet<\/td>\n<\/tr>\n<tr class=\"wpdt-cell-row \">\n<td class=\"wpdt-cell wpdt-align-left wpdt-bc-F5F5F5\">Dimensions<\/td>\n<td class=\"wpdt-cell wpdt-align-left\">42 x 80 x 49 cm<\/td>\n<\/tr>\n<tr class=\"wpdt-cell-row \">\n<td class=\"wpdt-cell wpdt-align-left wpdt-bc-F5F5F5\">Poids<\/td>\n<td class=\"wpdt-cell wpdt-align-left\">95 kg<\/td>\n<\/tr>\n<\/tbody>\n<\/table>\n<h4><a href=\"http:\/\/cashflow-france.com\/wp-content\/uploads\/2026\/02\/F_CD5_FR.pdf\" target=\"_blank\" rel=\"noopener\">Fiche Produit<\/a><\/h4>\n<h4><a href=\"http:\/\/cashflow-france.com\/wp-content\/uploads\/2026\/02\/FT_CD5_FR.pdf\" target=\"_blank\" rel=\"noopener\">Fiche technique<\/a><\/h4>\n","protected":false},"excerpt":{"rendered":"<p>Accepte, valide et distribue pi\u00e8ces et billets.<br \/>\nLe Cashdro 4+ est l\u2019\u00e9quipement id\u00e9al pour les entreprises n\u00e9cessitant une validation et distribution rapide des billets lors des encaissements, du change ou du chargement.<\/p>\n","protected":false},"featured_media":2046,"template":"","meta":[],"product_brand":[],"product_cat":[33],"product_tag":[],"class_list":{"0":"post-1982","1":"product","2":"type-product","3":"status-publish","4":"has-post-thumbnail","6":"product_cat-monnayeur","8":"first","9":"instock","10":"featured","11":"shipping-taxable","12":"purchasable","13":"product-type-simple"},"_links":{"self":[{"href":"https:\/\/cashflow-france.com\/index.php\/wp-json\/wp\/v2\/product\/1982","targetHints":{"allow":["GET"]}}],"collection":[{"href":"https:\/\/cashflow-france.com\/index.php\/wp-json\/wp\/v2\/product"}],"about":[{"href":"https:\/\/cashflow-france.com\/index.php\/wp-json\/wp\/v2\/types\/product"}],"wp:featuredmedia":[{"embeddable":true,"href":"https:\/\/cashflow-france.com\/index.php\/wp-json\/wp\/v2\/media\/2046"}],"wp:attachment":[{"href":"https:\/\/cashflow-france.com\/index.php\/wp-json\/wp\/v2\/media?parent=1982"}],"wp:term":[{"taxonomy":"product_brand","embeddable":true,"href":"https:\/\/cashflow-france.com\/index.php\/wp-json\/wp\/v2\/product_brand?post=1982"},{"taxonomy":"product_cat","embeddable":true,"href":"https:\/\/cashflow-france.com\/index.php\/wp-json\/wp\/v2\/product_cat?post=1982"},{"taxonomy":"product_tag","embeddable":true,"href":"https:\/\/cashflow-france.com\/index.php\/wp-json\/wp\/v2\/product_tag?post=1982"}],"curies":[{"name":"wp","href":"https:\/\/api.w.org\/{rel}","templated":true}]}}