{"id":629,"date":"2022-06-10T19:30:38","date_gmt":"2022-06-10T19:30:38","guid":{"rendered":"https:\/\/demo.themedraft.net\/wp\/doctio\/?page_id=629"},"modified":"2026-01-01T22:32:50","modified_gmt":"2026-01-01T22:32:50","slug":"contact","status":"publish","type":"page","link":"https:\/\/cashflow-france.com\/index.php\/contact\/","title":{"rendered":"Contact"},"content":{"rendered":"\t\t<div data-elementor-type=\"wp-page\" data-elementor-id=\"629\" class=\"elementor elementor-629\">\n\t\t\t\t\t\t<section class=\"elementor-section elementor-top-section elementor-element elementor-element-30b75775 elementor-section-full_width elementor-section-stretched elementor-section-height-default elementor-section-height-default\" data-id=\"30b75775\" data-element_type=\"section\" data-e-type=\"section\" data-settings=\"{&quot;stretch_section&quot;:&quot;section-stretched&quot;}\">\n\t\t\t\t\t\t<div class=\"elementor-container elementor-column-gap-default\">\n\t\t\t\t\t<div class=\"elementor-column elementor-col-100 elementor-top-column elementor-element elementor-element-2d909e12\" data-id=\"2d909e12\" data-element_type=\"column\" data-e-type=\"column\">\n\t\t\t<div class=\"elementor-widget-wrap elementor-element-populated\">\n\t\t\t\t\t\t<div class=\"elementor-element elementor-element-50599d5b elementor-widget elementor-widget-themedraft_section_title\" data-id=\"50599d5b\" data-element_type=\"widget\" data-e-type=\"widget\" data-widget_type=\"themedraft_section_title.default\">\n\t\t\t\t<div class=\"elementor-widget-container\">\n\t\t\t\t\t\n\t\t<div class=\"td-section-title-wrapper\">\n            <div class=\"td-section-title-content td-secondary-font\">\n                                    <div class=\"td-section-title-bg-text \">\n                        Contact                    <\/div>\n                \n                                    <div class=\"td-section-subtitle td-primary-color\">\n                        Nous contacter                    <\/div>\n                \n                                    <div class=\"td-section-title\">\n                        <h3>Besoin d'information ou d\u2019assistance?<\/h3>                    <\/div>\n                                        <div class=\"title-bottom-line\" style=\"background-image: url(https:\/\/demo.themedraft.net\/wp\/doctio\/wp-content\/uploads\/2022\/06\/line.png)\"><\/div>\n                                                <\/div>\n\t\t<\/div>\n\t\t\t\t\t\t<\/div>\n\t\t\t\t<\/div>\n\t\t\t\t<div class=\"elementor-element elementor-element-122b0723 elementor-widget elementor-widget-themedraft_contact_details_box\" data-id=\"122b0723\" data-element_type=\"widget\" data-e-type=\"widget\" data-widget_type=\"themedraft_contact_details_box.default\">\n\t\t\t\t<div class=\"elementor-widget-container\">\n\t\t\t\t\t\n\t\t<div class=\"contact-details container\">\n            <div class=\"row\">\n                                        <div class=\"col-xl-4 col-lg-6 col-md-6\">\n                            <div class=\"td-contact-details-box td-transition\">\n                                <div class=\"td-contact-details-box-icon  td-transition td-primary-color\">\n                                    \n                                        <i aria-hidden=\"true\" class=\"flaticon-telephone-1\"><\/i>\n                                                                    <\/div>\n                                <h4 class=\"td-contact-box-title td-transition\">T\u00e9l:<\/h4>\n\n                                <ul><li style=\"list-style-type: none;\"><ul><li><a href=\"tel:01 86 04 11 28\">01 86 04 11 28<\/a><\/li><\/ul><\/li><\/ul>                            <\/div>\n                        <\/div>\n                                            <div class=\"col-xl-4 col-lg-6 col-md-6\">\n                            <div class=\"td-contact-details-box td-transition\">\n                                <div class=\"td-contact-details-box-icon  td-transition td-primary-color\">\n                                    \n                                        <i aria-hidden=\"true\" class=\"td-icon flaticon-maps-and-flags\"><\/i>\n                                                                    <\/div>\n                                <h4 class=\"td-contact-box-title td-transition\">Address:<\/h4>\n\n                                <p>7 Rue Vulpian,\u00a0 75013 Paris<\/p>                            <\/div>\n                        <\/div>\n                                            <div class=\"col-xl-4 col-lg-6 col-md-6\">\n                            <div class=\"td-contact-details-box td-transition\">\n                                <div class=\"td-contact-details-box-icon  td-transition td-primary-color\">\n                                    \n                                        <i aria-hidden=\"true\" class=\"td-icon flaticon-mail-inbox-app\"><\/i>\n                                                                    <\/div>\n                                <h4 class=\"td-contact-box-title td-transition\">Email:<\/h4>\n\n                                <ul><li style=\"list-style-type: none;\"><ul><li><a href=\"mailto:contact@cahflow-france.com\">contact@cahflow-france.com<\/a><\/li><\/ul><\/li><\/ul>                            <\/div>\n                        <\/div>\n                                <\/div>\n\t\t<\/div>\n\n\t\t\t\t\t\t<\/div>\n\t\t\t\t<\/div>\n\t\t\t\t\t<\/div>\n\t\t<\/div>\n\t\t\t\t\t<\/div>\n\t\t<\/section>\n\t\t\t\t<section class=\"elementor-section elementor-top-section elementor-element elementor-element-4e8be751 elementor-section-full_width elementor-section-stretched elementor-section-height-default elementor-section-height-default\" data-id=\"4e8be751\" data-element_type=\"section\" data-e-type=\"section\" data-settings=\"{&quot;stretch_section&quot;:&quot;section-stretched&quot;}\">\n\t\t\t\t\t\t<div class=\"elementor-container elementor-column-gap-default\">\n\t\t\t\t\t<div class=\"elementor-column elementor-col-100 elementor-top-column elementor-element elementor-element-65efb9d9\" data-id=\"65efb9d9\" data-element_type=\"column\" data-e-type=\"column\">\n\t\t\t<div class=\"elementor-widget-wrap elementor-element-populated\">\n\t\t\t\t\t\t<div class=\"elementor-element elementor-element-49854e7 elementor-widget elementor-widget-themedraft_contact_form_seven_layout_two\" data-id=\"49854e7\" data-element_type=\"widget\" data-e-type=\"widget\" data-widget_type=\"themedraft_contact_form_seven_layout_two.default\">\n\t\t\t\t<div class=\"elementor-widget-container\">\n\t\t\t\t\t            <div class=\"td-cf7-contact-form td-cf7-layout-two td-secondary-font\">\n\n                <div class=\"container\">\n                    <div class=\"row\">\n                        <div class=\"col-xl-5 col-lg-5 col-md-12 td-pr-0\">\n                            <div class=\"td-form-left-image td-cover-bg\" style=\"background-image: url(http:\/\/cashflow-france.com\/wp-content\/uploads\/2025\/12\/restaruante-1.webp)\"><\/div>\n                        <\/div>\n\n                        <div class=\"col-xl-7 col-lg-7 col-md-12 td-pl-0\">\n                            <div class=\"td-contact-form-container\">\n                                <div class=\"td-section-title-wrapper\">\n                                    <div class=\"td-section-title-content td-secondary-font\">\n\n\t\t\t                                                                        <div class=\"td-section-subtitle td-primary-color\">\n\t\t\t\t\t                            Nous contacter                                            <\/div>\n\t\t\t                            \n\t\t\t                                                                        <div class=\"td-section-title\">\n\t\t\t\t\t                            <h2>Nous sommes ravis de pouvoir vous aider.\u00a0<\/h2>                                            <\/div>\n\t\t\t\t                                                                            <div class=\"title-bottom-line\" style=\"background-image: url(https:\/\/demo.themedraft.net\/wp\/doctio\/wp-content\/uploads\/2022\/06\/line-1.png)\"><\/div>\n\t\t\t\t                            \t\t\t                                                                <\/div>\n                                <\/div>\n\n                                <div class=\"form-icon\"><i class=\"flaticon-nurse\"><\/i><\/div>\n\n\t\t                                                            <div class=\"themedraft-contact-form-container\">\n\t\t\t\t                        \n<div class=\"wpcf7 no-js\" id=\"wpcf7-f585-o1\" lang=\"en-US\" dir=\"ltr\" data-wpcf7-id=\"585\">\n<div class=\"screen-reader-response\"><p role=\"status\" aria-live=\"polite\" aria-atomic=\"true\"><\/p> <ul><\/ul><\/div>\n<form action=\"\/index.php\/wp-json\/wp\/v2\/pages\/629#wpcf7-f585-o1\" method=\"post\" class=\"wpcf7-form init\" aria-label=\"Contact form\" novalidate=\"novalidate\" data-status=\"init\">\n<fieldset class=\"hidden-fields-container\"><input type=\"hidden\" name=\"_wpcf7\" value=\"585\" \/><input type=\"hidden\" name=\"_wpcf7_version\" value=\"6.1.5\" \/><input type=\"hidden\" name=\"_wpcf7_locale\" value=\"en_US\" \/><input type=\"hidden\" name=\"_wpcf7_unit_tag\" value=\"wpcf7-f585-o1\" \/><input type=\"hidden\" name=\"_wpcf7_container_post\" value=\"0\" \/><input type=\"hidden\" name=\"_wpcf7_posted_data_hash\" value=\"\" \/>\n<\/fieldset>\n<div class=\"row\">\n\t<div class=\"col-lg-6 col-md-6\">\n\t\t<div class=\"td-form-control-wrapper\">\n\t\t\t<p><span class=\"wpcf7-form-control-wrap\" data-name=\"patient_name\"><input size=\"40\" maxlength=\"400\" class=\"wpcf7-form-control wpcf7-text wpcf7-validates-as-required\" aria-required=\"true\" aria-invalid=\"false\" value=\"Nom*\" type=\"text\" name=\"patient_name\" \/><\/span>\n\t\t\t<\/p>\n\t\t<\/div>\n\t<\/div>\n\t<div class=\"col-lg-6 col-md-6\">\n\t\t<div class=\"td-form-control-wrapper\">\n\t\t\t<p><span class=\"wpcf7-form-control-wrap\" data-name=\"sender_mail\"><input size=\"40\" maxlength=\"400\" class=\"wpcf7-form-control wpcf7-email wpcf7-validates-as-required wpcf7-text wpcf7-validates-as-email\" aria-required=\"true\" aria-invalid=\"false\" placeholder=\"Email*\" value=\"\" type=\"email\" name=\"sender_mail\" \/><\/span>\n\t\t\t<\/p>\n\t\t<\/div>\n\t<\/div>\n\t<div class=\"col-lg-6 col-md-6\">\n\t\t<div class=\"td-form-control-wrapper\">\n\t\t\t<p><span class=\"wpcf7-form-control-wrap\" data-name=\"patient_name\"><input size=\"40\" maxlength=\"400\" class=\"wpcf7-form-control wpcf7-text wpcf7-validates-as-required\" aria-required=\"true\" aria-invalid=\"false\" value=\"Soci\u00e9t\u00e9*\" type=\"text\" name=\"patient_name\" \/><\/span>\n\t\t\t<\/p>\n\t\t<\/div>\n\t<\/div>\n\t<div class=\"col-lg-6 col-md-6\">\n\t\t<div class=\"td-form-control-wrapper select-arrow\">\n\t\t\t<p><span class=\"wpcf7-form-control-wrap\" data-name=\"servicetype\"><select class=\"wpcf7-form-control wpcf7-select wpcf7-validates-as-required\" aria-required=\"true\" aria-invalid=\"false\" name=\"servicetype\"><option value=\"S\u00e9lectionner un service\">S\u00e9lectionner un service<\/option><option value=\"Monnayeur Automatique\">Monnayeur Automatique<\/option><option value=\"Caisse tactile\">Caisse tactile<\/option><option value=\"Borne &amp; SelfQuiosk\">Borne &amp; SelfQuiosk<\/option><option value=\"Balance\">Balance<\/option><option value=\"Vid\u00e9osurveillance\">Vid\u00e9osurveillance<\/option><\/select><\/span>\n\t\t\t<\/p>\n\t\t<\/div>\n\t<\/div>\n\t<p><span class=\"wpcf7-form-control-wrap\" data-name=\"textarea-519\"><textarea cols=\"40\" rows=\"10\" maxlength=\"2000\" class=\"wpcf7-form-control wpcf7-textarea\" aria-invalid=\"false\" name=\"textarea-519\">Votre message<\/textarea><\/span>\n\t<\/p>\n\t<div class=\"col-lg-6 col-md-6\">\n\t\t<p><button class=\"td-button\" type=\"submit\">Envoyer<i class=\"fas fa-plus\"><\/i><\/button>\n\t\t<\/p>\n\t<\/div>\n<\/div><div class=\"wpcf7-response-output\" aria-hidden=\"true\"><\/div>\n<\/form>\n<\/div>\n                                    <\/div>\n\t\t                                                    <\/div>\n                        <\/div>\n                    <\/div>\n                <\/div>\n            <\/div>\n        \t\t\t\t<\/div>\n\t\t\t\t<\/div>\n\t\t\t\t\t<\/div>\n\t\t<\/div>\n\t\t\t\t\t<\/div>\n\t\t<\/section>\n\t\t\t\t<section class=\"elementor-section elementor-top-section elementor-element elementor-element-0099462 elementor-section-stretched elementor-section-boxed elementor-section-height-default elementor-section-height-default\" data-id=\"0099462\" data-element_type=\"section\" data-e-type=\"section\" data-settings=\"{&quot;background_background&quot;:&quot;classic&quot;,&quot;stretch_section&quot;:&quot;section-stretched&quot;}\">\n\t\t\t\t\t\t<div class=\"elementor-container elementor-column-gap-default\">\n\t\t\t\t\t<div class=\"elementor-column elementor-col-50 elementor-top-column elementor-element elementor-element-418dade\" data-id=\"418dade\" data-element_type=\"column\" data-e-type=\"column\">\n\t\t\t<div class=\"elementor-widget-wrap elementor-element-populated\">\n\t\t\t\t\t\t<div class=\"elementor-element elementor-element-53dc3ed elementor-widget elementor-widget-themedraft_section_title\" data-id=\"53dc3ed\" data-element_type=\"widget\" data-e-type=\"widget\" data-widget_type=\"themedraft_section_title.default\">\n\t\t\t\t<div class=\"elementor-widget-container\">\n\t\t\t\t\t\n\t\t<div class=\"td-section-title-wrapper\">\n            <div class=\"td-section-title-content td-secondary-font\">\n                \n                                    <div class=\"td-section-subtitle td-primary-color\">\n                        Un projet \u00e0 r\u00e9aliser?                    <\/div>\n                \n                                    <div class=\"td-section-title\">\n                        <h2>Contactez nos experts pour vous conseiller.\u00a0<\/h2>                    <\/div>\n                                                <\/div>\n\t\t<\/div>\n\t\t\t\t\t\t<\/div>\n\t\t\t\t<\/div>\n\t\t\t\t<div class=\"elementor-element elementor-element-7b2624a elementor-widget elementor-widget-themedraft_text\" data-id=\"7b2624a\" data-element_type=\"widget\" data-e-type=\"widget\" data-widget_type=\"themedraft_text.default\">\n\t\t\t\t<div class=\"elementor-widget-container\">\n\t\t\t\t\t\n\t\t<div class=\"td-text-wrapper\">\n\t\t\t<p>Des solutions sur mesure, devis gratuit et financement possible.<\/p>\n            \t\t<\/div>\n\n\t\t\t\t\t\t<\/div>\n\t\t\t\t<\/div>\n\t\t\t\t<div class=\"elementor-element elementor-element-76c6b0b elementor-widget elementor-widget-themedraft_button_widget\" data-id=\"76c6b0b\" data-element_type=\"widget\" data-e-type=\"widget\" data-widget_type=\"themedraft_button_widget.default\">\n\t\t\t\t<div class=\"elementor-widget-container\">\n\t\t\t\t\t\n\t\t<div class=\"themedraft-button-wrapper td-button-el-widget\">\n\t\t\t<a href=\"tel:01%2086%2004%2011%2028\" class=\"themedraft-button td-button themedraft-button-one\" >01 86 04 11 28                <i class=\"fas fa-plus\"><\/i>\n            <\/a>\n\n\t\t\t\n                \t\t\t\t<a href=\"https:\/\/cashflow-france.com\/index.php\/shop\/\" class=\"themedraft-button td-button themedraft-button-two\" >Nos produits                    <i class=\"fas fa-plus\"><\/i>\n                <\/a>\n                \t\t\t\t\t<\/div>\n\t\t\t\t\t\t<\/div>\n\t\t\t\t<\/div>\n\t\t\t\t\t<\/div>\n\t\t<\/div>\n\t\t\t\t<div class=\"elementor-column elementor-col-50 elementor-top-column elementor-element elementor-element-465fbe9\" data-id=\"465fbe9\" data-element_type=\"column\" data-e-type=\"column\">\n\t\t\t<div class=\"elementor-widget-wrap\">\n\t\t\t\t\t\t\t<\/div>\n\t\t<\/div>\n\t\t\t\t\t<\/div>\n\t\t<\/section>\n\t\t\t\t<\/div>\n\t\t","protected":false},"excerpt":{"rendered":"<p>Contact Nous contacter Besoin d&rsquo;information ou d\u2019assistance? T\u00e9l: 01 86 04 11 28 Address: 7 Rue Vulpian,\u00a0 75013 Paris Email: contact@cahflow-france.com Nous contacter Nous sommes ravis de pouvoir vous aider.\u00a0 S\u00e9lectionner un serviceMonnayeur AutomatiqueCaisse tactileBorneSefkioskVid\u00e9osurveillance Votre message Envoyer Un projet \u00e0 r\u00e9aliser? Contactez nos experts pour vous conseiller.\u00a0 Des solutions sur mesure, devis gratuit et [&hellip;]<\/p>\n","protected":false},"author":1,"featured_media":0,"parent":0,"menu_order":0,"comment_status":"closed","ping_status":"closed","template":"","meta":{"footnotes":""},"class_list":["post-629","page","type-page","status-publish","hentry"],"_links":{"self":[{"href":"https:\/\/cashflow-france.com\/index.php\/wp-json\/wp\/v2\/pages\/629","targetHints":{"allow":["GET"]}}],"collection":[{"href":"https:\/\/cashflow-france.com\/index.php\/wp-json\/wp\/v2\/pages"}],"about":[{"href":"https:\/\/cashflow-france.com\/index.php\/wp-json\/wp\/v2\/types\/page"}],"author":[{"embeddable":true,"href":"https:\/\/cashflow-france.com\/index.php\/wp-json\/wp\/v2\/users\/1"}],"replies":[{"embeddable":true,"href":"https:\/\/cashflow-france.com\/index.php\/wp-json\/wp\/v2\/comments?post=629"}],"version-history":[{"count":46,"href":"https:\/\/cashflow-france.com\/index.php\/wp-json\/wp\/v2\/pages\/629\/revisions"}],"predecessor-version":[{"id":1977,"href":"https:\/\/cashflow-france.com\/index.php\/wp-json\/wp\/v2\/pages\/629\/revisions\/1977"}],"wp:attachment":[{"href":"https:\/\/cashflow-france.com\/index.php\/wp-json\/wp\/v2\/media?parent=629"}],"curies":[{"name":"wp","href":"https:\/\/api.w.org\/{rel}","templated":true}]}}