{"id":608,"date":"2022-06-10T19:22:20","date_gmt":"2022-06-10T19:22:20","guid":{"rendered":"https:\/\/demo.themedraft.net\/wp\/doctio\/?page_id=608"},"modified":"2026-03-06T23:14:14","modified_gmt":"2026-03-06T23:14:14","slug":"a-propos","status":"publish","type":"page","link":"https:\/\/cashflow-france.com\/index.php\/a-propos\/","title":{"rendered":"A propos"},"content":{"rendered":"\t\t<div data-elementor-type=\"wp-page\" data-elementor-id=\"608\" class=\"elementor elementor-608\">\n\t\t\t\t\t\t<section class=\"elementor-section elementor-top-section elementor-element elementor-element-433d3c3b elementor-section-stretched elementor-section-boxed elementor-section-height-default elementor-section-height-default\" data-id=\"433d3c3b\" data-element_type=\"section\" data-e-type=\"section\" data-settings=\"{&quot;stretch_section&quot;:&quot;section-stretched&quot;}\">\n\t\t\t\t\t\t<div class=\"elementor-container elementor-column-gap-default\">\n\t\t\t\t\t<div class=\"elementor-column elementor-col-50 elementor-top-column elementor-element elementor-element-2ec804cd\" data-id=\"2ec804cd\" data-element_type=\"column\" data-e-type=\"column\">\n\t\t\t<div class=\"elementor-widget-wrap elementor-element-populated\">\n\t\t\t\t\t\t<div class=\"elementor-element elementor-element-7f8a77d3 elementor-widget elementor-widget-themedraft_section_title\" data-id=\"7f8a77d3\" data-element_type=\"widget\" data-e-type=\"widget\" data-widget_type=\"themedraft_section_title.default\">\n\t\t\t\t<div class=\"elementor-widget-container\">\n\t\t\t\t\t\n\t\t<div class=\"td-section-title-wrapper\">\n            <div class=\"td-section-title-content td-secondary-font\">\n                \n                                    <div class=\"td-section-subtitle td-primary-color\">\n                        A propos                    <\/div>\n                \n                                    <div class=\"td-section-title\">\n                        <h3>Ma\u00eetrisez vos flux d'esp\u00e8ces avec Les solutions CashFlow.<\/h3>                    <\/div>\n                                        <div class=\"title-bottom-line\" style=\"background-image: url(https:\/\/demo.themedraft.net\/wp\/doctio\/wp-content\/uploads\/2022\/06\/line-1.png)\"><\/div>\n                                                <\/div>\n\t\t<\/div>\n\t\t\t\t\t\t<\/div>\n\t\t\t\t<\/div>\n\t\t\t\t<div class=\"elementor-element elementor-element-6b2eb3ed elementor-widget elementor-widget-themedraft_text\" data-id=\"6b2eb3ed\" data-element_type=\"widget\" data-e-type=\"widget\" data-widget_type=\"themedraft_text.default\">\n\t\t\t\t<div class=\"elementor-widget-container\">\n\t\t\t\t\t\n\t\t<div class=\"td-text-wrapper\">\n\t\t\t<p>\u00a0Sp\u00e9cialis\u00e9s depuis plus de 20 ans dans les rangements s\u00e9curis\u00e9s et le traitement des liquidit\u00e9s, nous vous proposons des solutions innovantes et abordables pour r\u00e9pondre \u00e0 vos besoins croissants en mati\u00e8re de s\u00e9curit\u00e9.<\/p>\n            \t\t<\/div>\n\n\t\t\t\t\t\t<\/div>\n\t\t\t\t<\/div>\n\t\t\t\t<div class=\"elementor-element elementor-element-4c42bbcf elementor-widget elementor-widget-themedraft_promo_box\" data-id=\"4c42bbcf\" data-element_type=\"widget\" data-e-type=\"widget\" data-widget_type=\"themedraft_promo_box.default\">\n\t\t\t\t<div class=\"elementor-widget-container\">\n\t\t\t\t\t\n\t\t<div class=\"td-promo-box-wrapper td-icon-left\">\n\t\t\t<div class=\"row\">\n\t\t\t\t\t\t\t\t\t\t<div class=\"col-xl-12 col-lg-6 col-md-6\">\n\t\t\t\t\t\t\t<div class=\"td-single-promo-box\">\n\t\t\t\t\t\t\t\t<div class=\"td-promo-icon td-primary-color\">\n\t\t\t\t\t\t\t\t\t<svg aria-hidden=\"true\" class=\"e-font-icon-svg e-far-check-circle\" viewBox=\"0 0 512 512\" xmlns=\"http:\/\/www.w3.org\/2000\/svg\"><path d=\"M256 8C119.033 8 8 119.033 8 256s111.033 248 248 248 248-111.033 248-248S392.967 8 256 8zm0 48c110.532 0 200 89.451 200 200 0 110.532-89.451 200-200 200-110.532 0-200-89.451-200-200 0-110.532 89.451-200 200-200m140.204 130.267l-22.536-22.718c-4.667-4.705-12.265-4.736-16.97-.068L215.346 303.697l-59.792-60.277c-4.667-4.705-12.265-4.736-16.97-.069l-22.719 22.536c-4.705 4.667-4.736 12.265-.068 16.971l90.781 91.516c4.667 4.705 12.265 4.736 16.97.068l172.589-171.204c4.704-4.668 4.734-12.266.067-16.971z\"><\/path><\/svg>\t\t\t\t\t\t\t\t<\/div>\n\n                                <h4 class=\"td-promo-title\"><\/h4>\n\n                                <div class=\"td-promo-desc td-last-p-0\">\n\t                                <p>Des compteurs de liquidit\u00e9s aux coffres-forts en passant par les solutions de caisses automatiques, chaque produit est minutieusement s\u00e9lectionn\u00e9 pour offrir une s\u00e9curit\u00e9 et une praticit\u00e9 optimales, adapt\u00e9es aux exigences sp\u00e9cifiques de votre activit\u00e9.<\/p><p>Notre engagement envers la qualit\u00e9 se refl\u00e8te dans notre distribution sp\u00e9cialis\u00e9e, o\u00f9 le conseil accompagne chaque \u00e9tape de votre projet.<\/p>                                <\/div>\n\t\t\t\t\t\t\t<\/div>\n\t\t\t\t\t\t<\/div>\n\t\t\t\t\t\t\t\t\t\t<div class=\"col-xl-12 col-lg-6 col-md-6\">\n\t\t\t\t\t\t\t<div class=\"td-single-promo-box\">\n\t\t\t\t\t\t\t\t<div class=\"td-promo-icon td-primary-color\">\n\t\t\t\t\t\t\t\t\t<svg aria-hidden=\"true\" class=\"e-font-icon-svg e-far-check-circle\" viewBox=\"0 0 512 512\" xmlns=\"http:\/\/www.w3.org\/2000\/svg\"><path d=\"M256 8C119.033 8 8 119.033 8 256s111.033 248 248 248 248-111.033 248-248S392.967 8 256 8zm0 48c110.532 0 200 89.451 200 200 0 110.532-89.451 200-200 200-110.532 0-200-89.451-200-200 0-110.532 89.451-200 200-200m140.204 130.267l-22.536-22.718c-4.667-4.705-12.265-4.736-16.97-.068L215.346 303.697l-59.792-60.277c-4.667-4.705-12.265-4.736-16.97-.069l-22.719 22.536c-4.705 4.667-4.736 12.265-.068 16.971l90.781 91.516c4.667 4.705 12.265 4.736 16.97.068l172.589-171.204c4.704-4.668 4.734-12.266.067-16.971z\"><\/path><\/svg>\t\t\t\t\t\t\t\t<\/div>\n\n                                <h4 class=\"td-promo-title\"><\/h4>\n\n                                <div class=\"td-promo-desc td-last-p-0\">\n\t                                <p>En plus de nos produits, nous offrons \u00e9galement des services de maintenance, de d\u00e9pannage et d\u2019assistance pour assurer votre tranquillit\u00e9 d\u2019esprit.<\/p><p>N\u2019h\u00e9sitez pas \u00e0 nous contacter pour d\u00e9couvrir comment nous pouvons vous aider \u00e0 prot\u00e9ger ce qui compte le plus pour vous.<\/p>                                <\/div>\n\t\t\t\t\t\t\t<\/div>\n\t\t\t\t\t\t<\/div>\n\t\t\t\t\t\t\t<\/div>\n\t\t<\/div>\n\n\t\t\t\t\t\t<\/div>\n\t\t\t\t<\/div>\n\t\t\t\t<div class=\"elementor-element elementor-element-4a0a8e27 elementor-widget elementor-widget-themedraft_button_widget\" data-id=\"4a0a8e27\" data-element_type=\"widget\" data-e-type=\"widget\" data-widget_type=\"themedraft_button_widget.default\">\n\t\t\t\t<div class=\"elementor-widget-container\">\n\t\t\t\t\t\n\t\t<div class=\"themedraft-button-wrapper td-button-el-widget\">\n\t\t\t<a href=\"https:\/\/cashflow-france.com\/index.php\/contact\/\" class=\"themedraft-button td-button themedraft-button-one\" >Contact                <i class=\"fas fa-plus\"><\/i>\n            <\/a>\n\n\t\t\t\n                \n                <a class=\"td-call-button\" href=\"tel:01%2086%2004%2011%2028\">\n                    <i class=\"flaticon-phone-call\"><\/i>\n                    <span class=\"td-call-button-text\">01 86 04 11 28<\/span>\n                <\/a>\n                \t\t\t\t\t<\/div>\n\t\t\t\t\t\t<\/div>\n\t\t\t\t<\/div>\n\t\t\t\t\t<\/div>\n\t\t<\/div>\n\t\t\t\t<div class=\"elementor-column elementor-col-50 elementor-top-column elementor-element elementor-element-5ceb424b\" data-id=\"5ceb424b\" data-element_type=\"column\" data-e-type=\"column\">\n\t\t\t<div class=\"elementor-widget-wrap elementor-element-populated\">\n\t\t\t\t\t\t<div class=\"elementor-element elementor-element-57bbf0af elementor-widget elementor-widget-themedraft_image_with_caption\" data-id=\"57bbf0af\" data-element_type=\"widget\" data-e-type=\"widget\" data-widget_type=\"themedraft_image_with_caption.default\">\n\t\t\t\t<div class=\"elementor-widget-container\">\n\t\t\t\t\t\n\t\t<div class=\"td-img-caption-wrapper td-secondary-font\">\n            <div class=\"td-caption-images\">\n                <div class=\"td-caption-img-one td-cover-bg\" style=\"background-image: url(http:\/\/cashflow-france.com\/wp-content\/uploads\/2025\/12\/comercios_especializados.webp)\"><\/div>\n                <div class=\"td-caption-img-two td-cover-bg\" style=\"background-image: url(http:\/\/cashflow-france.com\/wp-content\/uploads\/2025\/12\/peluquerias-centros-belleza.webp)\"><\/div>\n\n                <div class=\"td-img-caption\">\n                    <span>20<\/span> ans dans le traitement des esp\u00e8ces.                <\/div>\n            <\/div>\n\t\t<\/div>\n\n\t\t\t\t\t\t<\/div>\n\t\t\t\t<\/div>\n\t\t\t\t\t<\/div>\n\t\t<\/div>\n\t\t\t\t\t<\/div>\n\t\t<\/section>\n\t\t\t\t<section class=\"elementor-section elementor-top-section elementor-element elementor-element-412f308 elementor-section-stretched elementor-section-boxed elementor-section-height-default elementor-section-height-default\" data-id=\"412f308\" data-element_type=\"section\" data-e-type=\"section\" data-settings=\"{&quot;background_background&quot;:&quot;classic&quot;,&quot;stretch_section&quot;:&quot;section-stretched&quot;}\">\n\t\t\t\t\t\t<div class=\"elementor-container elementor-column-gap-default\">\n\t\t\t\t\t<div class=\"elementor-column elementor-col-50 elementor-top-column elementor-element elementor-element-2ffffeb\" data-id=\"2ffffeb\" data-element_type=\"column\" data-e-type=\"column\">\n\t\t\t<div class=\"elementor-widget-wrap elementor-element-populated\">\n\t\t\t\t\t\t<div class=\"elementor-element elementor-element-6711d01 elementor-widget elementor-widget-themedraft_section_title\" data-id=\"6711d01\" data-element_type=\"widget\" data-e-type=\"widget\" data-widget_type=\"themedraft_section_title.default\">\n\t\t\t\t<div class=\"elementor-widget-container\">\n\t\t\t\t\t\n\t\t<div class=\"td-section-title-wrapper\">\n            <div class=\"td-section-title-content td-secondary-font\">\n                \n                                    <div class=\"td-section-subtitle td-primary-color\">\n                        Un projet \u00e0 r\u00e9aliser?                    <\/div>\n                \n                                    <div class=\"td-section-title\">\n                        <h2>Contactez nos experts pour vous conseiller.\u00a0<\/h2>                    <\/div>\n                                                <\/div>\n\t\t<\/div>\n\t\t\t\t\t\t<\/div>\n\t\t\t\t<\/div>\n\t\t\t\t<div class=\"elementor-element elementor-element-7d768c6 elementor-widget elementor-widget-themedraft_text\" data-id=\"7d768c6\" data-element_type=\"widget\" data-e-type=\"widget\" data-widget_type=\"themedraft_text.default\">\n\t\t\t\t<div class=\"elementor-widget-container\">\n\t\t\t\t\t\n\t\t<div class=\"td-text-wrapper\">\n\t\t\t<p>Des solutions sur mesure, devis gratuit et financement possible.<\/p>\n            \t\t<\/div>\n\n\t\t\t\t\t\t<\/div>\n\t\t\t\t<\/div>\n\t\t\t\t<div class=\"elementor-element elementor-element-083afa2 elementor-widget elementor-widget-themedraft_button_widget\" data-id=\"083afa2\" data-element_type=\"widget\" data-e-type=\"widget\" data-widget_type=\"themedraft_button_widget.default\">\n\t\t\t\t<div class=\"elementor-widget-container\">\n\t\t\t\t\t\n\t\t<div class=\"themedraft-button-wrapper td-button-el-widget\">\n\t\t\t<a href=\"https:\/\/cashflow-france.com\/index.php\/contact\/\" class=\"themedraft-button td-button themedraft-button-one\" >Contactez-nous                <i class=\"fas fa-plus\"><\/i>\n            <\/a>\n\n\t\t\t\n                \t\t\t\t<a href=\"https:\/\/cashflow-france.com\/index.php\/shop\/\" class=\"themedraft-button td-button themedraft-button-two\" >Nos produits                    <i class=\"fas fa-plus\"><\/i>\n                <\/a>\n                \t\t\t\t\t<\/div>\n\t\t\t\t\t\t<\/div>\n\t\t\t\t<\/div>\n\t\t\t\t\t<\/div>\n\t\t<\/div>\n\t\t\t\t<div class=\"elementor-column elementor-col-50 elementor-top-column elementor-element elementor-element-3a77449\" data-id=\"3a77449\" data-element_type=\"column\" data-e-type=\"column\">\n\t\t\t<div class=\"elementor-widget-wrap\">\n\t\t\t\t\t\t\t<\/div>\n\t\t<\/div>\n\t\t\t\t\t<\/div>\n\t\t<\/section>\n\t\t\t\t<section class=\"elementor-section elementor-top-section elementor-element elementor-element-2545c1c6 elementor-section-full_width elementor-section-stretched elementor-hidden-desktop elementor-hidden-tablet elementor-hidden-mobile elementor-section-height-default elementor-section-height-default\" data-id=\"2545c1c6\" data-element_type=\"section\" data-e-type=\"section\" data-settings=\"{&quot;stretch_section&quot;:&quot;section-stretched&quot;}\">\n\t\t\t\t\t\t<div class=\"elementor-container elementor-column-gap-default\">\n\t\t\t\t\t<div class=\"elementor-column elementor-col-100 elementor-top-column elementor-element elementor-element-6cd9a0b\" data-id=\"6cd9a0b\" data-element_type=\"column\" data-e-type=\"column\">\n\t\t\t<div class=\"elementor-widget-wrap elementor-element-populated\">\n\t\t\t\t\t\t<div class=\"elementor-element elementor-element-17b1abc elementor-widget elementor-widget-themedraft_section_title\" data-id=\"17b1abc\" data-element_type=\"widget\" data-e-type=\"widget\" data-widget_type=\"themedraft_section_title.default\">\n\t\t\t\t<div class=\"elementor-widget-container\">\n\t\t\t\t\t\n\t\t<div class=\"td-section-title-wrapper\">\n            <div class=\"td-section-title-content td-secondary-font\">\n                                    <div class=\"td-section-title-bg-text \">\n                        Doctors                    <\/div>\n                \n                                    <div class=\"td-section-subtitle td-primary-color\">\n                        Meet Our Team                    <\/div>\n                \n                                    <div class=\"td-section-title\">\n                        <h2>Our Experts Doctors<\/h2>                    <\/div>\n                                        <div class=\"title-bottom-line\" style=\"background-image: url(https:\/\/demo.themedraft.net\/wp\/doctio\/wp-content\/uploads\/2022\/06\/line-9.png)\"><\/div>\n                                                <\/div>\n\t\t<\/div>\n\t\t\t\t\t\t<\/div>\n\t\t\t\t<\/div>\n\t\t\t\t<div class=\"elementor-element elementor-element-5017e539 elementor-widget elementor-widget-themedraft_team_member_one\" data-id=\"5017e539\" data-element_type=\"widget\" data-e-type=\"widget\" data-widget_type=\"themedraft_team_member_one.default\">\n\t\t\t\t<div class=\"elementor-widget-container\">\n\t\t\t\t\t\n        <div class=\"td-team-one-wrapper\">\n            <div class=\"container\">\n                <div id=\"team-one-wrapper-251\" class=\"row\">\n\t\t\t\t\t\n                                <div class=\"col-xl-4 col-lg-4 col-md-4\">\n                                    <div class=\"td-single-team-member\">\n                                        <div class=\"member-image-wrapper\">\n\t\t\t\t\t\t\t\t\t\t\t                                            <a class=\"td-member-details-url\" href=\"https:\/\/cashflow-france.com\/index.php\/team\/doctor-details\/\">\n                                                <div class=\"td-member-btn-text\"><span>Explore More<\/span><\/div>\n                                                                                            <div class=\"member-image\">\n                                                    <img decoding=\"async\" src=\"https:\/\/demo.themedraft.net\/wp\/doctio\/wp-content\/uploads\/2022\/06\/team-member-1.jpg\" alt=\"\" title=\"\">\n                                                <\/div>\n                                                                                        <\/a>\n\t\t\t\t\t\t\t\t\t\t                                            <\/div>\n\n                                        <div class=\"td-member-content\">\n\t\t\t\t\t\t\t\t\t\t\t                                            <a href=\"https:\/\/cashflow-france.com\/index.php\/team\/doctor-details\/\">\n\t\t\t\t\t\t\t\t\t\t\t\t                                                <h3 class=\"td-member-name\">Md Nadim Khan<\/h3>\n\t\t\t\t\t\t\t\t\t\t\t\t                                            <\/a>\n\t\t\t\t\t\t\t\t\t\t                                                <span class=\"td-member-designation td-secondary-font\">Medicine Specialist<\/span>\n                                        <\/div>\n                                    <\/div>\n                                <\/div>\n\t\t\t\t\t\t\t\n                                <div class=\"col-xl-4 col-lg-4 col-md-4\">\n                                    <div class=\"td-single-team-member\">\n                                        <div class=\"member-image-wrapper\">\n\t\t\t\t\t\t\t\t\t\t\t                                            <a class=\"td-member-details-url\" href=\"https:\/\/cashflow-france.com\/index.php\/team\/doctor-details\/\">\n                                                <div class=\"td-member-btn-text\"><span>Explore More<\/span><\/div>\n                                                                                            <div class=\"member-image\">\n                                                    <img decoding=\"async\" src=\"https:\/\/demo.themedraft.net\/wp\/doctio\/wp-content\/uploads\/2022\/06\/team-member-2.jpg\" alt=\"\" title=\"\">\n                                                <\/div>\n                                                                                        <\/a>\n\t\t\t\t\t\t\t\t\t\t                                            <\/div>\n\n                                        <div class=\"td-member-content\">\n\t\t\t\t\t\t\t\t\t\t\t                                            <a href=\"https:\/\/cashflow-france.com\/index.php\/team\/doctor-details\/\">\n\t\t\t\t\t\t\t\t\t\t\t\t                                                <h3 class=\"td-member-name\">M Rongila Rongs<\/h3>\n\t\t\t\t\t\t\t\t\t\t\t\t                                            <\/a>\n\t\t\t\t\t\t\t\t\t\t                                                <span class=\"td-member-designation td-secondary-font\">Medicine Specialist<\/span>\n                                        <\/div>\n                                    <\/div>\n                                <\/div>\n\t\t\t\t\t\t\t\n                                <div class=\"col-xl-4 col-lg-4 col-md-4\">\n                                    <div class=\"td-single-team-member\">\n                                        <div class=\"member-image-wrapper\">\n\t\t\t\t\t\t\t\t\t\t\t                                            <a class=\"td-member-details-url\" href=\"https:\/\/cashflow-france.com\/index.php\/team\/doctor-details\/\">\n                                                <div class=\"td-member-btn-text\"><span>Explore More<\/span><\/div>\n                                                                                            <div class=\"member-image\">\n                                                    <img decoding=\"async\" src=\"https:\/\/demo.themedraft.net\/wp\/doctio\/wp-content\/uploads\/2022\/06\/team-member-3.jpg\" alt=\"\" title=\"\">\n                                                <\/div>\n                                                                                        <\/a>\n\t\t\t\t\t\t\t\t\t\t                                            <\/div>\n\n                                        <div class=\"td-member-content\">\n\t\t\t\t\t\t\t\t\t\t\t                                            <a href=\"https:\/\/cashflow-france.com\/index.php\/team\/doctor-details\/\">\n\t\t\t\t\t\t\t\t\t\t\t\t                                                <h3 class=\"td-member-name\">Dr Moshur Gulati<\/h3>\n\t\t\t\t\t\t\t\t\t\t\t\t                                            <\/a>\n\t\t\t\t\t\t\t\t\t\t                                                <span class=\"td-member-designation td-secondary-font\">Medicine Specialist<\/span>\n                                        <\/div>\n                                    <\/div>\n                                <\/div>\n\t\t\t\t\t\t\t\n                                <div class=\"col-xl-4 col-lg-4 col-md-4\">\n                                    <div class=\"td-single-team-member\">\n                                        <div class=\"member-image-wrapper\">\n\t\t\t\t\t\t\t\t\t\t\t                                            <a class=\"td-member-details-url\" href=\"https:\/\/cashflow-france.com\/index.php\/team\/doctor-details\/\">\n                                                <div class=\"td-member-btn-text\"><span>Explore More<\/span><\/div>\n                                                                                            <div class=\"member-image\">\n                                                    <img decoding=\"async\" src=\"https:\/\/demo.themedraft.net\/wp\/doctio\/wp-content\/uploads\/2022\/06\/team-member-4.jpg\" alt=\"\" title=\"\">\n                                                <\/div>\n                                                                                        <\/a>\n\t\t\t\t\t\t\t\t\t\t                                            <\/div>\n\n                                        <div class=\"td-member-content\">\n\t\t\t\t\t\t\t\t\t\t\t                                            <a href=\"https:\/\/cashflow-france.com\/index.php\/team\/doctor-details\/\">\n\t\t\t\t\t\t\t\t\t\t\t\t                                                <h3 class=\"td-member-name\">Mk Jonty Dhoni<\/h3>\n\t\t\t\t\t\t\t\t\t\t\t\t                                            <\/a>\n\t\t\t\t\t\t\t\t\t\t                                                <span class=\"td-member-designation td-secondary-font\">Medicine Specialist<\/span>\n                                        <\/div>\n                                    <\/div>\n                                <\/div>\n\t\t\t\t\t\t\t\n                                <div class=\"col-xl-4 col-lg-4 col-md-4\">\n                                    <div class=\"td-single-team-member\">\n                                        <div class=\"member-image-wrapper\">\n\t\t\t\t\t\t\t\t\t\t\t                                            <a class=\"td-member-details-url\" href=\"https:\/\/cashflow-france.com\/index.php\/team\/doctor-details\/\">\n                                                <div class=\"td-member-btn-text\"><span>Explore More<\/span><\/div>\n                                                                                            <div class=\"member-image\">\n                                                    <img decoding=\"async\" src=\"https:\/\/demo.themedraft.net\/wp\/doctio\/wp-content\/uploads\/2022\/06\/team-member-7.jpg\" alt=\"\" title=\"\">\n                                                <\/div>\n                                                                                        <\/a>\n\t\t\t\t\t\t\t\t\t\t                                            <\/div>\n\n                                        <div class=\"td-member-content\">\n\t\t\t\t\t\t\t\t\t\t\t                                            <a href=\"https:\/\/cashflow-france.com\/index.php\/team\/doctor-details\/\">\n\t\t\t\t\t\t\t\t\t\t\t\t                                                <h3 class=\"td-member-name\">Mk Jonty Dhoni<\/h3>\n\t\t\t\t\t\t\t\t\t\t\t\t                                            <\/a>\n\t\t\t\t\t\t\t\t\t\t                                                <span class=\"td-member-designation td-secondary-font\">Medicine Specialist<\/span>\n                                        <\/div>\n                                    <\/div>\n                                <\/div>\n\t\t\t\t\t\t\t\n                                <div class=\"col-xl-4 col-lg-4 col-md-4\">\n                                    <div class=\"td-single-team-member\">\n                                        <div class=\"member-image-wrapper\">\n\t\t\t\t\t\t\t\t\t\t\t                                            <a class=\"td-member-details-url\" href=\"https:\/\/cashflow-france.com\/index.php\/team\/doctor-details\/\">\n                                                <div class=\"td-member-btn-text\"><span>Explore More<\/span><\/div>\n                                                                                            <div class=\"member-image\">\n                                                    <img decoding=\"async\" src=\"https:\/\/demo.themedraft.net\/wp\/doctio\/wp-content\/uploads\/2022\/06\/team-member-5.jpg\" alt=\"\" title=\"\">\n                                                <\/div>\n                                                                                        <\/a>\n\t\t\t\t\t\t\t\t\t\t                                            <\/div>\n\n                                        <div class=\"td-member-content\">\n\t\t\t\t\t\t\t\t\t\t\t                                            <a href=\"https:\/\/cashflow-france.com\/index.php\/team\/doctor-details\/\">\n\t\t\t\t\t\t\t\t\t\t\t\t                                                <h3 class=\"td-member-name\">Mk Jonty Dhoni<\/h3>\n\t\t\t\t\t\t\t\t\t\t\t\t                                            <\/a>\n\t\t\t\t\t\t\t\t\t\t                                                <span class=\"td-member-designation td-secondary-font\">Medicine Specialist<\/span>\n                                        <\/div>\n                                    <\/div>\n                                <\/div>\n\t\t\t\t\t\t\t                <\/div>\n            <\/div>\n        <\/div>\n\n\t\t\n\n\n\n\n\n\n\n\n\n\n\n\t\t\t\t\t\t<\/div>\n\t\t\t\t<\/div>\n\t\t\t\t\t<\/div>\n\t\t<\/div>\n\t\t\t\t\t<\/div>\n\t\t<\/section>\n\t\t\t\t<\/div>\n\t\t","protected":false},"excerpt":{"rendered":"<p>A propos Ma\u00eetrisez vos flux d&rsquo;esp\u00e8ces avec Les solutions CashFlow. \u00a0Sp\u00e9cialis\u00e9s depuis plus de 20 ans dans les rangements s\u00e9curis\u00e9s et le traitement des liquidit\u00e9s, nous vous proposons des solutions innovantes et abordables pour r\u00e9pondre \u00e0 vos besoins croissants en mati\u00e8re de s\u00e9curit\u00e9. Des compteurs de liquidit\u00e9s aux coffres-forts en passant par les solutions de [&hellip;]<\/p>\n","protected":false},"author":1,"featured_media":0,"parent":0,"menu_order":0,"comment_status":"closed","ping_status":"closed","template":"","meta":{"footnotes":""},"class_list":["post-608","page","type-page","status-publish","hentry"],"_links":{"self":[{"href":"https:\/\/cashflow-france.com\/index.php\/wp-json\/wp\/v2\/pages\/608","targetHints":{"allow":["GET"]}}],"collection":[{"href":"https:\/\/cashflow-france.com\/index.php\/wp-json\/wp\/v2\/pages"}],"about":[{"href":"https:\/\/cashflow-france.com\/index.php\/wp-json\/wp\/v2\/types\/page"}],"author":[{"embeddable":true,"href":"https:\/\/cashflow-france.com\/index.php\/wp-json\/wp\/v2\/users\/1"}],"replies":[{"embeddable":true,"href":"https:\/\/cashflow-france.com\/index.php\/wp-json\/wp\/v2\/comments?post=608"}],"version-history":[{"count":25,"href":"https:\/\/cashflow-france.com\/index.php\/wp-json\/wp\/v2\/pages\/608\/revisions"}],"predecessor-version":[{"id":2263,"href":"https:\/\/cashflow-france.com\/index.php\/wp-json\/wp\/v2\/pages\/608\/revisions\/2263"}],"wp:attachment":[{"href":"https:\/\/cashflow-france.com\/index.php\/wp-json\/wp\/v2\/media?parent=608"}],"curies":[{"name":"wp","href":"https:\/\/api.w.org\/{rel}","templated":true}]}}