{"id":1546,"date":"2025-12-29T21:29:26","date_gmt":"2025-12-29T21:29:26","guid":{"rendered":"https:\/\/cashflow-france.com\/?page_id=1546"},"modified":"2026-03-06T21:27:27","modified_gmt":"2026-03-06T21:27:27","slug":"videosurveillance","status":"publish","type":"page","link":"https:\/\/cashflow-france.com\/index.php\/videosurveillance\/","title":{"rendered":"Vid\u00e9osurveillance"},"content":{"rendered":"\t\t<div data-elementor-type=\"wp-page\" data-elementor-id=\"1546\" class=\"elementor elementor-1546\">\n\t\t\t\t\t\t<section class=\"elementor-section elementor-top-section elementor-element elementor-element-487badd elementor-section-stretched elementor-section-boxed elementor-section-height-default elementor-section-height-default\" data-id=\"487badd\" data-element_type=\"section\" data-e-type=\"section\" data-settings=\"{&quot;stretch_section&quot;:&quot;section-stretched&quot;}\">\n\t\t\t\t\t\t<div class=\"elementor-container elementor-column-gap-default\">\n\t\t\t\t\t<div class=\"elementor-column elementor-col-33 elementor-top-column elementor-element elementor-element-17177e77\" data-id=\"17177e77\" data-element_type=\"column\" data-e-type=\"column\">\n\t\t\t<div class=\"elementor-widget-wrap elementor-element-populated\">\n\t\t\t\t\t\t<div class=\"elementor-element elementor-element-4742505c elementor-widget elementor-widget-themedraft_two_iwcb\" data-id=\"4742505c\" data-element_type=\"widget\" data-e-type=\"widget\" data-widget_type=\"themedraft_two_iwcb.default\">\n\t\t\t\t<div class=\"elementor-widget-container\">\n\t\t\t\t\t\n        <div class=\"td-tiwcb-wrapper td-two-image-with-circle-btn\">\n\n            <div class=\"td-two-image-wrapper\">\n\t                                <a href=\"https:\/\/cashflow-france.com\/index.php\/contact\/\" class=\"circle-button-wrapper td-secondary-font\" >\n                        <i class=\"flaticon-right-arrow-1\"><\/i>\n                        <svg viewBox=\"0 0 100 100\">\n                            <defs>\n                                <path id=\"td-circle-button\" d=\"M 50, 50 m -37, 0 a 37,37 0 1,1 74,0 a 37,37 0 1,1 -74,0\"\/>\n                            <\/defs>\n                            <text>\n                                <textPath xlink:href=\"#td-circle-button\">\n\t\t\t\t\t\t            Protection & vid\u00e9osurveillance** pour les commerces***                                 <\/textPath>\n                            <\/text>\n                        <\/svg>\n                    <\/a>\n\t            \n                <img decoding=\"async\" class=\"td-image-one\" src=\"http:\/\/cashflow-france.com\/wp-content\/uploads\/2025\/12\/e6e25277fde51d3d164a9510862933e0fd8d1b99.jpg\" alt=\"\" title=\"e6e25277fde51d3d164a9510862933e0fd8d1b99\">\n                <img decoding=\"async\" class=\"td-image-two\" src=\"\" alt=\"\" title=\"Vid\u00e9osurveillance\">\n            <\/div>\n        <\/div>\n\n\t\t\t\t\t\t<\/div>\n\t\t\t\t<\/div>\n\t\t\t\t\t<\/div>\n\t\t<\/div>\n\t\t\t\t<div class=\"elementor-column elementor-col-66 elementor-top-column elementor-element elementor-element-4af7060f\" data-id=\"4af7060f\" data-element_type=\"column\" data-e-type=\"column\">\n\t\t\t<div class=\"elementor-widget-wrap elementor-element-populated\">\n\t\t\t\t\t\t<div class=\"elementor-element elementor-element-1d6db1f7 elementor-widget elementor-widget-themedraft_section_title\" data-id=\"1d6db1f7\" data-element_type=\"widget\" data-e-type=\"widget\" data-widget_type=\"themedraft_section_title.default\">\n\t\t\t\t<div class=\"elementor-widget-container\">\n\t\t\t\t\t\n\t\t<div class=\"td-section-title-wrapper\">\n            <div class=\"td-section-title-content td-secondary-font\">\n                                    <div class=\"td-section-title-bg-text left\">\n                        About                    <\/div>\n                \n                \n                                    <div class=\"td-section-title\">\n                        <h2>S\u00e9curit\u00e9 commerce<\/h2>                    <\/div>\n                                        <div class=\"title-bottom-line\" style=\"background-image: url(https:\/\/demo.themedraft.net\/wp\/doctio\/wp-content\/uploads\/2022\/06\/line.png)\"><\/div>\n                                                <\/div>\n\t\t<\/div>\n\t\t\t\t\t\t<\/div>\n\t\t\t\t<\/div>\n\t\t\t\t<div class=\"elementor-element elementor-element-7dfac495 elementor-widget elementor-widget-themedraft_text\" data-id=\"7dfac495\" data-element_type=\"widget\" data-e-type=\"widget\" data-widget_type=\"themedraft_text.default\">\n\t\t\t\t<div class=\"elementor-widget-container\">\n\t\t\t\t\t\n\t\t<div class=\"td-text-wrapper\">\n\t\t\t<p>Sp\u00e9cialis\u00e9e dans la s\u00e9curit\u00e9 et dans la pr\u00e9vention des risques des locaux et commerces. Cette protection repose sur la mise en \u0153uvre des solutions de d\u00e9tection et de vid\u00e9osurveillance 24\/24 et 7\/7.<\/p>\n<p>Notre service assure \u00e0 votre\u00a0 commerce <strong>une protection compl\u00e8te<\/strong> : cambriolage, incendie, intrusion, urgence. Installation sur mesure par des professionnels, maintenance continue.<\/p>\n<ul>\n<li>Syst\u00e8me d'alarme<\/li>\n<li>Vid\u00e9o surveillance<\/li>\n<\/ul>\n            \t\t<\/div>\n\n\t\t\t\t\t\t<\/div>\n\t\t\t\t<\/div>\n\t\t\t\t<div class=\"elementor-element elementor-element-3d0ef6e elementor-widget elementor-widget-themedraft_button_widget\" data-id=\"3d0ef6e\" data-element_type=\"widget\" data-e-type=\"widget\" data-widget_type=\"themedraft_button_widget.default\">\n\t\t\t\t<div class=\"elementor-widget-container\">\n\t\t\t\t\t\n\t\t<div class=\"themedraft-button-wrapper td-button-el-widget\">\n\t\t\t<a href=\"https:\/\/cashflow-france.com\/index.php\/product-category\/videosurveillance\/\" class=\"themedraft-button td-button themedraft-button-one\" >Nos offres                <i class=\"fas fa-plus\"><\/i>\n            <\/a>\n\n\t\t\t\n                \n                <a class=\"td-call-button\" href=\"tel:07%2058%2053%2018%2095\">\n                    <i class=\"flaticon-phone-call\"><\/i>\n                    <span class=\"td-call-button-text\">07 58 53 18 95<\/span>\n                <\/a>\n                \t\t\t\t\t<\/div>\n\t\t\t\t\t\t<\/div>\n\t\t\t\t<\/div>\n\t\t\t\t\t<\/div>\n\t\t<\/div>\n\t\t\t\t\t<\/div>\n\t\t<\/section>\n\t\t\t\t<section class=\"elementor-section elementor-top-section elementor-element elementor-element-1b0da8df elementor-section-full_width elementor-section-stretched elementor-section-height-default elementor-section-height-default\" data-id=\"1b0da8df\" data-element_type=\"section\" data-e-type=\"section\" data-settings=\"{&quot;stretch_section&quot;:&quot;section-stretched&quot;,&quot;background_background&quot;:&quot;classic&quot;}\">\n\t\t\t\t\t\t<div class=\"elementor-container elementor-column-gap-default\">\n\t\t\t\t\t<div class=\"elementor-column elementor-col-100 elementor-top-column elementor-element elementor-element-7be85407\" data-id=\"7be85407\" data-element_type=\"column\" data-e-type=\"column\">\n\t\t\t<div class=\"elementor-widget-wrap elementor-element-populated\">\n\t\t\t\t\t\t<div class=\"elementor-element elementor-element-2b73ada7 elementor-widget elementor-widget-themedraft_section_title\" data-id=\"2b73ada7\" data-element_type=\"widget\" data-e-type=\"widget\" data-widget_type=\"themedraft_section_title.default\">\n\t\t\t\t<div class=\"elementor-widget-container\">\n\t\t\t\t\t\n\t\t<div class=\"td-section-title-wrapper\">\n            <div class=\"td-section-title-content td-secondary-font\">\n                                    <div class=\"td-section-title-bg-text \">\n                        Offres                    <\/div>\n                \n                                    <div class=\"td-section-subtitle td-primary-color\">\n                        Professionnels                     <\/div>\n                \n                                    <div class=\"td-section-title\">\n                        <h1>Syst\u00e8mes de s\u00e9curit\u00e9 pour Professionnels<\/h1>                    <\/div>\n                                        <div class=\"title-bottom-line\" style=\"background-image: url(https:\/\/cashflow-france.com\/wp-content\/plugins\/elementor\/assets\/images\/placeholder.png)\"><\/div>\n                                                <\/div>\n\t\t<\/div>\n\t\t\t\t\t\t<\/div>\n\t\t\t\t<\/div>\n\t\t\t\t<div class=\"elementor-element elementor-element-1c15b54b elementor-widget elementor-widget-themedraft_service_box_two\" data-id=\"1c15b54b\" data-element_type=\"widget\" data-e-type=\"widget\" data-widget_type=\"themedraft_service_box_two.default\">\n\t\t\t\t<div class=\"elementor-widget-container\">\n\t\t\t\t\t\n\t\t<div class=\"service-two-wrapper\">\n\t\t\t<div class=\"row\">\n\t\t\t\t\t\t\t\t\t\t<div class=\"col-xl-6 col-lg-4 col-md-6\">\n\t\t\t\t\t\t\t<div class=\"td-service-two-item\">\n\t\t\t\t\t\t\t\t<a href=\"https:\/\/cashflow-france.com\/index.php\/contact\/\" class=\"td-service-image-and-icon-wrapper\" >\n\t\t\t\t\t\t\t\t\t<div class=\"td-service-two-image td-cover-bg\" style=\"background-image: url(http:\/\/cashflow-france.com\/wp-content\/uploads\/2025\/12\/telechargement-10.png)\">\n                                        <div class=\"td-service-item-two-icon\">\n                                            <svg xmlns=\"http:\/\/www.w3.org\/2000\/svg\" xmlns:xlink=\"http:\/\/www.w3.org\/1999\/xlink\" id=\"Outline\" x=\"0px\" y=\"0px\" viewBox=\"0 0 64 64\" xml:space=\"preserve\"><g>\t<path fill-rule=\"evenodd\" clip-rule=\"evenodd\" d=\"M56,51h-3V27.71997c1.24997,0.48003,2.71991,0.05001,3.49995-1.10991  c0.90616-1.34746,0.51201-3.24548-0.82997-4.14009l-23.12-15.29999c-0.33002-0.22998-0.76996-0.22998-1.09998,0  c0,0-23.09762,15.28518-23.11998,15.29998c-1.36191,0.90126-1.72726,2.79929-0.82004,4.15001  C8.2665,27.74629,9.73845,28.20231,11,27.71997V51H8c-0.54999,0-1,0.45001-1,1v4c0,0.54999,0.45001,1,1,1h14  c0.54999,0,1-0.45001,1-1s-0.45001-1-1-1H9v-2h46v2H30c-0.54999,0-1,0.45001-1,1s0.45001,1,1,1h26c0.54999,0,1-0.45001,1-1v-4  C57,51.45001,56.54999,51,56,51z M51,51H13V26.48999l19-12.58002l19,12.58002V51z M32.54999,11.88  c-0.33002-0.22003-0.76996-0.22003-1.09998,0l-20.97003,13.88c-0.43996,0.28995-1.01985,0.17001-1.30992-0.25989  C8.8704,25.056,8.98588,24.42886,9.44,24.14001L32,9.20001c0,0,22.52903,14.91287,22.56995,14.93997  c0.4464,0.29548,0.55974,0.92033,0.26007,1.36002c-0.29004,0.42999-0.87,0.54999-1.31,0.26001L32.54999,11.88z\"><\/path>\t<path fill-rule=\"evenodd\" clip-rule=\"evenodd\" d=\"M40.95996,24.54004c-3.50879-3.50879-8.58398-4.14404-11.31348-1.41455  c-2.11963,2.12012-2.25879,5.69385-0.42188,8.90723L17.62598,43.63184c-0.39062,0.39062-0.39062,1.02344,0,1.41406  c0,0,2.82749,2.82749,2.82812,2.82812c0.38708,0.38708,1.02664,0.38742,1.41406,0l1.41406-1.41406l0.70752,0.70703  c0.39062,0.39062,1.02344,0.39062,1.41406,0l4.24268-4.24219c0.39062-0.39014,0.39062-1.02344,0-1.41406l-0.70703-0.70752  l4.52783-4.52783c3.21336,1.83788,6.78755,1.69873,8.9067-0.42184C45.60247,32.6229,43.76726,27.34651,40.95996,24.54004z   M40.95996,34.43945c-1.58984,1.58887-4.5,1.48193-7.07861-0.26074c-0.39648-0.26807-0.92822-0.21631-1.26709,0.12158  l-5.7959,5.7959c-0.39062,0.39062-0.39062,1.02344,0,1.41406l0.70703,0.70752l-2.82861,2.82812l-0.70752-0.70703  c-0.39062-0.39062-1.02344-0.39062-1.41406,0l-1.41406,1.41406l-1.41406-1.41406l11.45264-11.45312  c0.33887-0.33887,0.38965-0.87012,0.12158-1.26709c-1.74268-2.57861-1.84961-5.48926-0.26074-7.0791  c1.95117-1.94922,5.75732-1.31396,8.48537,1.41457C41.56246,27.97067,43.38426,32.01516,40.95996,34.43945z\"><\/path>\t<path fill-rule=\"evenodd\" clip-rule=\"evenodd\" d=\"M36.01025,26.48975c-1.6543,0-3,1.3457-3,3s1.3457,3,3,3s3-1.3457,3-3  S37.66455,26.48975,36.01025,26.48975z M36.01025,30.48975c-0.55127,0-1-0.44873-1-1s0.44873-1,1-1s1,0.44873,1,1  S36.56152,30.48975,36.01025,30.48975z\"><\/path>\t<circle fill-rule=\"evenodd\" clip-rule=\"evenodd\" cx=\"26\" cy=\"56\" r=\"1\"><\/circle><\/g><\/svg>                                        <\/div>\n                                    <\/div>\n\t\t\t\t\t\t\t\t<\/a>\n\n                                <div class=\"td-service-two-content\">\n                                    <span class=\"td-service-two-subtitle td-secondary-color\">Syst\u00e8me<\/span>\n                                    <h4 class=\"td-service-two-title\">Alarme<\/h4>\n                                    <div class=\"td-service-two-desc td-last-p-0\">\n                                        <div id=\"1979899053\" class=\"u_1979899053 dmNewParagraph\" data-element-type=\"paragraph\" data-version=\"5\">\n<div id=\"1668465282\" class=\"u_1668465282 dmNewParagraph\" data-element-type=\"paragraph\" data-version=\"5\">\n<div id=\"1444500541\" class=\"u_1444500541 dmNewParagraph\" data-element-type=\"paragraph\" data-version=\"5\">\n<h2>Prot\u00e9gez votre entreprise gr\u00e2ce \u00e0 nos alarmes anti-intrusion avanc\u00e9es et int\u00e9gr\u00e9es<\/h2>\n<\/div>\n<div id=\"1361382143\" class=\"dmNewParagraph\" data-element-type=\"paragraph\" data-version=\"5\">\n<p><span class=\"\">Dissuadez les cambrioleurs et prot\u00e9gez vos biens et vos employ\u00e9s. Nos alarmes d\u00e9tectent toute tentative d\u2019intrusion et alertent les responsables de la s\u00e9curit\u00e9. <\/span><span class=\"\">En int\u00e9grant nos alarmes dans votre entreprise, vous faites le choix d\u2019une s\u00e9curit\u00e9 renforc\u00e9e. Nos installations sont\u00a0<\/span><strong>conformes aux normes en vigueur<\/strong>. Des solutions sur mesure pour chaque commerce.<\/p>\n<\/div>\n<\/div>\n<\/div>                                    <\/div>\n                                    <div class=\"service-two-details-btn\">\n                                        <a class=\"td-text-button\" href=\"https:\/\/cashflow-france.com\/index.php\/contact\/\" >Demande d'infos <i class=\"fas fa-angle-double-right\"><\/i><\/a>\n                                    <\/div>\n                                <\/div>\n\n\n\t\t\t\t\t\t\t<\/div>\n\t\t\t\t\t\t<\/div>\n\t\t\t\t\t\t\t\t\t\t<div class=\"col-xl-6 col-lg-4 col-md-6\">\n\t\t\t\t\t\t\t<div class=\"td-service-two-item\">\n\t\t\t\t\t\t\t\t<a href=\"https:\/\/cashflow-france.com\/index.php\/contact\/\" class=\"td-service-image-and-icon-wrapper\" >\n\t\t\t\t\t\t\t\t\t<div class=\"td-service-two-image td-cover-bg\" style=\"background-image: url(http:\/\/cashflow-france.com\/wp-content\/uploads\/2025\/12\/CAM-360X420-1.png)\">\n                                        <div class=\"td-service-item-two-icon\">\n                                            <svg xmlns=\"http:\/\/www.w3.org\/2000\/svg\" xmlns:xlink=\"http:\/\/www.w3.org\/1999\/xlink\" id=\"Outline\" x=\"0px\" y=\"0px\" viewBox=\"0 0 48 48\" xml:space=\"preserve\"><g>\t<circle cx=\"14\" cy=\"20\" r=\"1\"><\/circle>\t<circle cx=\"18\" cy=\"20\" r=\"1\"><\/circle>\t<circle cx=\"22\" cy=\"20\" r=\"1\"><\/circle>\t<circle cx=\"24\" cy=\"34\" r=\"1\"><\/circle>\t<circle cx=\"30\" cy=\"28\" r=\"1\"><\/circle>\t<path d=\"M24,39c2.75684,0,5-2.24316,5-5s-2.24316-5-5-5s-5,2.24316-5,5S21.24316,39,24,39z M24,31c1.6543,0,3,1.3457,3,3  s-1.3457,3-3,3s-3-1.3457-3-3S22.3457,31,24,31z\"><\/path>\t<path d=\"M41,5H7C5.90002,5,5,5.89996,5,7v2c0,1.09998,0.90002,2,2,2h14v4H9c-0.54999,0-1,0.45001-1,1v3  c0,2.96997,2.16998,5.42999,5,5.90997V32c0,6.07001,4.92999,11,11,11s11-4.92999,11-11v-7.09003c2.83002-0.47998,5-2.94,5-5.90997  v-3c0-0.54999-0.45001-1-1-1H27v-4h14c1.09998,0,2-0.90002,2-2V7C43,5.89996,42.09998,5,41,5z M33,32c0,4.95996-4.03998,9-9,9  s-9-4.04004-9-9v-7h18V32z M38,17v2c0,2.20996-1.78998,4-4,4H14c-2.21002,0-4-1.79004-4-4v-2H38z M23,15v-4h2v4H23z M41,9H7V7h34V9  z\"><\/path><\/g><\/svg>                                        <\/div>\n                                    <\/div>\n\t\t\t\t\t\t\t\t<\/a>\n\n                                <div class=\"td-service-two-content\">\n                                    <span class=\"td-service-two-subtitle td-secondary-color\">Vid\u00e9o<\/span>\n                                    <h4 class=\"td-service-two-title\">Surveillance <\/h4>\n                                    <div class=\"td-service-two-desc td-last-p-0\">\n                                        <div id=\"1772134213\" class=\"u_1772134213 dmNewParagraph\" data-element-type=\"paragraph\" data-version=\"5\">\n<div id=\"1998328191\" class=\"u_1998328191 dmNewParagraph\" data-element-type=\"paragraph\" data-version=\"5\">\n<div id=\"1587972054\" class=\"u_1587972054 dmNewParagraph\" data-element-type=\"paragraph\" data-version=\"5\">\n<div id=\"1112568396\" class=\"u_1112568396 dmNewParagraph\" data-element-type=\"paragraph\" data-version=\"5\">\n<h2 class=\"m-size-26 size-33\"><span class=\"font-size-33 m-font-size-26\">Prot\u00e9gez votre entreprise au moyen d\u2019un syst\u00e8me de vid\u00e9osurveillance avanc\u00e9<\/span><\/h2>\n<\/div>\n<div id=\"1908038322\" class=\"dmNewParagraph\" data-element-type=\"paragraph\" data-version=\"5\">\n<p>Nous proposons divers syst\u00e8mes de vid\u00e9osurveillance pour les entreprises.<\/p>\n<ul class=\"defaultList bullet\">\n<li><span class=\"\">Les cam\u00e9ras IP offrent une excellente qualit\u00e9 d\u2019image et des fonctionnalit\u00e9s avanc\u00e9es comme la\u00a0<\/span><strong>d\u00e9tection de mouvement<\/strong><span class=\"\">\u00a0et l\u2019enregistrement en continu.<\/span><\/li>\n<li>Acc\u00e8s en temps r\u00e9\u00e8l via l'application mobile pour surveiller vos locaux.<\/li>\n<\/ul>\n<\/div>\n<\/div>\n<\/div>\n<\/div>                                    <\/div>\n                                    <div class=\"service-two-details-btn\">\n                                        <a class=\"td-text-button\" href=\"https:\/\/cashflow-france.com\/index.php\/contact\/\" >Demande d'infos <i class=\"fas fa-angle-double-right\"><\/i><\/a>\n                                    <\/div>\n                                <\/div>\n\n\n\t\t\t\t\t\t\t<\/div>\n\t\t\t\t\t\t<\/div>\n\t\t\t\t\t\t\t<\/div>\n\t\t<\/div>\n\n\t\t\t\t\t\t<\/div>\n\t\t\t\t<\/div>\n\t\t\t\t\t<\/div>\n\t\t<\/div>\n\t\t\t\t\t<\/div>\n\t\t<\/section>\n\t\t\t\t<section class=\"elementor-section elementor-top-section elementor-element elementor-element-52799a elementor-section-boxed elementor-section-height-default elementor-section-height-default\" data-id=\"52799a\" data-element_type=\"section\" data-e-type=\"section\">\n\t\t\t\t\t\t<div class=\"elementor-container elementor-column-gap-default\">\n\t\t\t\t\t<div class=\"elementor-column elementor-col-100 elementor-top-column elementor-element elementor-element-3cc3aa5b\" data-id=\"3cc3aa5b\" data-element_type=\"column\" data-e-type=\"column\">\n\t\t\t<div class=\"elementor-widget-wrap elementor-element-populated\">\n\t\t\t\t\t\t<div class=\"elementor-element elementor-element-7a51a929 elementor-widget elementor-widget-themedraft_brand_image_slider\" data-id=\"7a51a929\" data-element_type=\"widget\" data-e-type=\"widget\" data-widget_type=\"themedraft_brand_image_slider.default\">\n\t\t\t\t<div class=\"elementor-widget-container\">\n\t\t\t\t\t\n        <div class=\"td-brand-img-wrapper\">\n            <div class=\"container \">\n                <div class=\"row\">\n                    <div class=\"col-lg-12\">\n                        <div   id=\"td-brand-slider-950\" class=\"td-brand-images\">\n\t\t\t\t\t\t\t\n\n\t\t\t\t\t\t\t\t                                    <div class=\"td-brand-item\">\n                                        <div class=\"td-table\">\n                                            <div class=\"td-table-cell\">\n                                                <img decoding=\"async\" src=\"http:\/\/cashflow-france.com\/wp-content\/uploads\/2025\/12\/marque-ajax_3_png-1-1.webp\" alt=\"\" title=\"marque-ajax_3_png-1 (1)\">\n                                            <\/div>\n                                        <\/div>\n                                    <\/div>\n\t\t\t\t\t\t\t\t                                    <div class=\"td-brand-item\">\n                                        <div class=\"td-table\">\n                                            <div class=\"td-table-cell\">\n                                                <img decoding=\"async\" src=\"http:\/\/cashflow-france.com\/wp-content\/uploads\/2025\/12\/marque-dahua_1_png-1-1.webp\" alt=\"\" title=\"marque-dahua_1_png-1 (1)\">\n                                            <\/div>\n                                        <\/div>\n                                    <\/div>\n\t\t\t\t\t\t\t\t                                    <div class=\"td-brand-item\">\n                                        <div class=\"td-table\">\n                                            <div class=\"td-table-cell\">\n                                                <img decoding=\"async\" src=\"http:\/\/cashflow-france.com\/wp-content\/uploads\/2025\/12\/marque-hikvision_1_png-1-1.webp\" alt=\"\" title=\"marque-hikvision_1_png-1 (1)\">\n                                            <\/div>\n                                        <\/div>\n                                    <\/div>\n\t\t\t\t\t\t\t\t\n\t\t\t\t\t\t\t                        <\/div>\n                    <\/div>\n                <\/div>\n            <\/div>\n        <\/div>\n\n        <script>\n            (function ($) {\n                \"use strict\";\n                $(document).ready(function () {\n                    $(\"#td-brand-slider-950\").slick({\n                        slidesToShow: 5,\n                        autoplay: true,\n                        autoplaySpeed: \"4000\", \/\/interval\n                        speed: 1500, \/\/ slide speed\n                        dots: false,\n                        arrows: false,\n                        prevArrow: '<i class=\"slick-arrow slick-prev eicon-chevron-left\"><\/i>',\n                        nextArrow: '<i class=\"slick-arrow slick-next eicon-chevron-right\"><\/i>',\n                        infinite: true,\n                        pauseOnHover: false,\n                        centerMode: false,\n                        responsive: [\n                            {\n                                breakpoint: 1025,\n                                settings: {\n                                    slidesToShow: 4, \/\/ 992-1024\n                                    arrows: false,\n                                }\n                            },\n                            {\n                                breakpoint: 992,\n                                settings: {\n                                    slidesToShow: 4, \/\/768-991\n                                }\n                            },\n                            {\n                                breakpoint: 768,\n                                settings: {\n                                    slidesToShow: 2, \/\/ 0 -767\n                                }\n                            }\n                        ]\n                    });\n                });\n            })(jQuery);\n        <\/script>\n\t\t\t\t\t\t<\/div>\n\t\t\t\t<\/div>\n\t\t\t\t\t<\/div>\n\t\t<\/div>\n\t\t\t\t\t<\/div>\n\t\t<\/section>\n\t\t\t\t<\/div>\n\t\t","protected":false},"excerpt":{"rendered":"<p>Protection &#038; vid\u00e9osurveillance** pour les commerces*** About S\u00e9curit\u00e9 commerce Sp\u00e9cialis\u00e9e dans la s\u00e9curit\u00e9 et dans la pr\u00e9vention des risques des locaux et commerces. Cette protection repose sur la mise en \u0153uvre des solutions de d\u00e9tection et de vid\u00e9osurveillance 24\/24 et 7\/7. Notre service assure \u00e0 votre\u00a0 commerce une protection compl\u00e8te : cambriolage, incendie, intrusion, urgence. [&hellip;]<\/p>\n","protected":false},"author":1,"featured_media":1601,"parent":0,"menu_order":0,"comment_status":"closed","ping_status":"closed","template":"","meta":{"footnotes":""},"class_list":["post-1546","page","type-page","status-publish","has-post-thumbnail","hentry"],"_links":{"self":[{"href":"https:\/\/cashflow-france.com\/index.php\/wp-json\/wp\/v2\/pages\/1546","targetHints":{"allow":["GET"]}}],"collection":[{"href":"https:\/\/cashflow-france.com\/index.php\/wp-json\/wp\/v2\/pages"}],"about":[{"href":"https:\/\/cashflow-france.com\/index.php\/wp-json\/wp\/v2\/types\/page"}],"author":[{"embeddable":true,"href":"https:\/\/cashflow-france.com\/index.php\/wp-json\/wp\/v2\/users\/1"}],"replies":[{"embeddable":true,"href":"https:\/\/cashflow-france.com\/index.php\/wp-json\/wp\/v2\/comments?post=1546"}],"version-history":[{"count":28,"href":"https:\/\/cashflow-france.com\/index.php\/wp-json\/wp\/v2\/pages\/1546\/revisions"}],"predecessor-version":[{"id":2242,"href":"https:\/\/cashflow-france.com\/index.php\/wp-json\/wp\/v2\/pages\/1546\/revisions\/2242"}],"wp:featuredmedia":[{"embeddable":true,"href":"https:\/\/cashflow-france.com\/index.php\/wp-json\/wp\/v2\/media\/1601"}],"wp:attachment":[{"href":"https:\/\/cashflow-france.com\/index.php\/wp-json\/wp\/v2\/media?parent=1546"}],"curies":[{"name":"wp","href":"https:\/\/api.w.org\/{rel}","templated":true}]}}